{"id":25273,"date":"2024-05-24T00:03:09","date_gmt":"2024-05-23T23:03:09","guid":{"rendered":"https:\/\/138.201.14.18\/~mafourn1\/produit\/crayon-a-papier-blackpeps-hb2-maped-ref-850021\/"},"modified":"2026-05-16T09:58:27","modified_gmt":"2026-05-16T08:58:27","slug":"crayon-a-papier-blackpeps-hb2-maped-ref-850021","status":"publish","type":"product","link":"https:\/\/mafourniture.ma\/ar\/product\/crayon-a-papier-blackpeps-hb2-maped-ref-850021\/","title":{"rendered":"CRAYON A PAPIER &#8211; BLACK&rsquo;PEPS &#8211; HB2 &#8211; MAPED REF 850021"},"content":{"rendered":"<p>Choisissez vos fournitures scolaires pour une rentr\u00e9e des classes zen, en toute s\u00e9r\u00e9nit\u00e9 !<\/p>\n<p>Pour dessiner ou \u00e9crire, ce crayon \u00e0 papier Black&rsquo;Peps HB \u00e0 mine graphite avec embout gomme est d&rsquo;une grande qualit\u00e9 et r\u00e9sistance.<br \/>Ce crayon en bois est ergonomique et triangulaire, pour une bonne prise en main.<\/p>\n<p>Diam\u00e8tre de la mine : 2,2 mm.<\/p>","protected":false},"excerpt":{"rendered":"<p>Choisissez vos fournitures scolaires pour une rentr\u00e9e des classes zen, en toute s\u00e9r\u00e9nit\u00e9 ! Pour dessiner ou \u00e9crire, ce crayon<\/p>","protected":false},"featured_media":71910,"comment_status":"open","ping_status":"closed","template":"","meta":[],"pwb-brand":[631],"product_brand":[],"product_cat":[1129,593,628],"product_tag":[],"class_list":{"0":"post-25273","1":"product","2":"type-product","3":"status-publish","4":"has-post-thumbnail","6":"pwb-brand-maped","7":"product_cat-crayons-petites-fournitures","8":"product_cat-fournitures-scolaires","9":"product_cat-petites-fournitures","11":"first","12":"instock","13":"purchasable","14":"product-type-simple"},"jetpack_sharing_enabled":true,"brands":[{"id":631,"name":"MAPED","slug":"maped"}],"_links":{"self":[{"href":"https:\/\/mafourniture.ma\/ar\/wp-json\/wp\/v2\/product\/25273","targetHints":{"allow":["GET"]}}],"collection":[{"href":"https:\/\/mafourniture.ma\/ar\/wp-json\/wp\/v2\/product"}],"about":[{"href":"https:\/\/mafourniture.ma\/ar\/wp-json\/wp\/v2\/types\/product"}],"replies":[{"embeddable":true,"href":"https:\/\/mafourniture.ma\/ar\/wp-json\/wp\/v2\/comments?post=25273"}],"version-history":[{"count":2,"href":"https:\/\/mafourniture.ma\/ar\/wp-json\/wp\/v2\/product\/25273\/revisions"}],"predecessor-version":[{"id":36352,"href":"https:\/\/mafourniture.ma\/ar\/wp-json\/wp\/v2\/product\/25273\/revisions\/36352"}],"wp:featuredmedia":[{"embeddable":true,"href":"https:\/\/mafourniture.ma\/ar\/wp-json\/wp\/v2\/media\/71910"}],"wp:attachment":[{"href":"https:\/\/mafourniture.ma\/ar\/wp-json\/wp\/v2\/media?parent=25273"}],"wp:term":[{"taxonomy":"pwb-brand","embeddable":true,"href":"https:\/\/mafourniture.ma\/ar\/wp-json\/wp\/v2\/pwb-brand?post=25273"},{"taxonomy":"product_brand","embeddable":true,"href":"https:\/\/mafourniture.ma\/ar\/wp-json\/wp\/v2\/product_brand?post=25273"},{"taxonomy":"product_cat","embeddable":true,"href":"https:\/\/mafourniture.ma\/ar\/wp-json\/wp\/v2\/product_cat?post=25273"},{"taxonomy":"product_tag","embeddable":true,"href":"https:\/\/mafourniture.ma\/ar\/wp-json\/wp\/v2\/product_tag?post=25273"}],"curies":[{"name":"wp","href":"https:\/\/api.w.org\/{rel}","templated":true}]}}