{"id":25250,"date":"2024-05-23T19:27:31","date_gmt":"2024-05-23T18:27:31","guid":{"rendered":"https:\/\/138.201.14.18\/~mafourn1\/produit\/crayons-de-couleur-12-duo-vs-0416-vertex\/"},"modified":"2026-05-15T13:45:45","modified_gmt":"2026-05-15T12:45:45","slug":"crayons-de-couleur-12-duo-vs-0416-vertex","status":"publish","type":"product","link":"https:\/\/mafourniture.ma\/ar\/product\/crayons-de-couleur-12-duo-vs-0416-vertex\/","title":{"rendered":"CRAYONS DE COULEUR 12 DUO VS-0416 VERTEX"},"content":{"rendered":"<p>Crayon de Couleur Color Max Triangulaire Bicolore 12 Crayons Vertex VS-0416 de double t\u00eate offre plus de brillance et d\u2019\u00e9clat gr\u00e2ce aux deux couleurs or et argent, une boite de crayons de couleur des mati\u00e8res premi\u00e8res de haute qualit\u00e9 et du bois durable.<br \/>Avec le crayon de couleurs de la marque Vertex, les joies du coloriage se d\u00e9couvrent d\u00e8s le plus jeune \u00e2ge pour durer toute la vie.<br \/>Des couleurs de haute qualit\u00e9 de pigmentation, une ergonomie adapt\u00e9e pour tous les \u00e2ges et un r\u00e9el plaisir d\u2019utilisation.<\/p>","protected":false},"excerpt":{"rendered":"<p>Crayon de Couleur Color Max Triangulaire Bicolore 12 Crayons Vertex VS-0416 de double t\u00eate offre plus de brillance et d\u2019\u00e9clat<\/p>","protected":false},"featured_media":71232,"comment_status":"open","ping_status":"closed","template":"","meta":[],"pwb-brand":[939],"product_brand":[],"product_cat":[653,602,593],"product_tag":[],"class_list":{"0":"post-25250","1":"product","2":"type-product","3":"status-publish","4":"has-post-thumbnail","6":"pwb-brand-vertex","7":"product_cat-crayons-de-couleur","8":"product_cat-dessin-et-peinture","9":"product_cat-fournitures-scolaires","11":"first","12":"instock","13":"purchasable","14":"product-type-simple"},"jetpack_sharing_enabled":true,"brands":[{"id":939,"name":"VERTEX","slug":"vertex"}],"_links":{"self":[{"href":"https:\/\/mafourniture.ma\/ar\/wp-json\/wp\/v2\/product\/25250","targetHints":{"allow":["GET"]}}],"collection":[{"href":"https:\/\/mafourniture.ma\/ar\/wp-json\/wp\/v2\/product"}],"about":[{"href":"https:\/\/mafourniture.ma\/ar\/wp-json\/wp\/v2\/types\/product"}],"replies":[{"embeddable":true,"href":"https:\/\/mafourniture.ma\/ar\/wp-json\/wp\/v2\/comments?post=25250"}],"version-history":[{"count":2,"href":"https:\/\/mafourniture.ma\/ar\/wp-json\/wp\/v2\/product\/25250\/revisions"}],"predecessor-version":[{"id":37012,"href":"https:\/\/mafourniture.ma\/ar\/wp-json\/wp\/v2\/product\/25250\/revisions\/37012"}],"wp:featuredmedia":[{"embeddable":true,"href":"https:\/\/mafourniture.ma\/ar\/wp-json\/wp\/v2\/media\/71232"}],"wp:attachment":[{"href":"https:\/\/mafourniture.ma\/ar\/wp-json\/wp\/v2\/media?parent=25250"}],"wp:term":[{"taxonomy":"pwb-brand","embeddable":true,"href":"https:\/\/mafourniture.ma\/ar\/wp-json\/wp\/v2\/pwb-brand?post=25250"},{"taxonomy":"product_brand","embeddable":true,"href":"https:\/\/mafourniture.ma\/ar\/wp-json\/wp\/v2\/product_brand?post=25250"},{"taxonomy":"product_cat","embeddable":true,"href":"https:\/\/mafourniture.ma\/ar\/wp-json\/wp\/v2\/product_cat?post=25250"},{"taxonomy":"product_tag","embeddable":true,"href":"https:\/\/mafourniture.ma\/ar\/wp-json\/wp\/v2\/product_tag?post=25250"}],"curies":[{"name":"wp","href":"https:\/\/api.w.org\/{rel}","templated":true}]}}