{"id":25149,"date":"2024-05-23T18:59:36","date_gmt":"2024-05-23T17:59:36","guid":{"rendered":"https:\/\/138.201.14.18\/~mafourn1\/produit\/crayons-12-couleurs-pastel-a-lhuile-deli-c20200\/"},"modified":"2026-04-18T10:18:51","modified_gmt":"2026-04-18T09:18:51","slug":"crayons-12-couleurs-pastel-a-lhuile-deli-c20200","status":"publish","type":"product","link":"https:\/\/mafourniture.ma\/ar\/product\/crayons-12-couleurs-pastel-a-lhuile-deli-c20200\/","title":{"rendered":"CRAYONS 12 COULEURS PASTEL A L&rsquo;HUILE DELI C20200"},"content":{"rendered":"<p>12 Color Wax Pen Deli C20200 <\/p>\n<p>Le crayon Deli 12 couleurs se compose de 12 couleurs de cire, apportant de la commodit\u00e9 aux enfants car il n&rsquo;est pas n\u00e9cessaire d&rsquo;aiguiser ou de m\u00e9langer les couleurs comme lorsque vous utilisez des crayons ou des aquarelles. Les enfants n&rsquo;ont besoin que de choisir les couleurs et de contr\u00f4ler habilement les traits du stylo pour avoir une belle image, que vous pouvez utiliser \u00e0 de nombreuses fins diff\u00e9rentes. De plus, la vari\u00e9t\u00e9 des couleurs contribuera \u00e0 am\u00e9liorer la cr\u00e9ativit\u00e9 des b\u00e9b\u00e9s lors de l&rsquo;utilisation.<\/p>\n<p>Information produit:<\/p>\n<p>&#8211; Le crayon Deli 12 couleurs est fabriqu\u00e9 \u00e0 partir de cire, de pigments et d&rsquo;additifs, a une durabilit\u00e9 \u00e9lev\u00e9e, une faible usure, non toxique et sans danger pour les utilisateurs.<\/p>\n<p>&#8211; Cire intestin dur, moins d&rsquo;usure, inodore, couleur facile \u00e0 coller, couleur fine, belle, moins \u00e9miett\u00e9e, moins d&rsquo;exc\u00e8s de couleur, pas de mains et de v\u00eatements sales.<\/p>\n<p>&#8211; Le stylo a un design sp\u00e9cial qui s&rsquo;adapte \u00e0 la port\u00e9e de l&rsquo;enfant, les parents peuvent \u00e9galement soutenir et guider l&rsquo;enfant pour ma\u00eetriser la manipulation de la tenue de stylos, la coloration &#8230;<\/p>\n<p>&#8211; Le stylo est stock\u00e9 dans la bo\u00eete, aidant l&rsquo;enfant \u00e0 garder le stylo proprement apr\u00e8s utilisation, pour \u00e9viter tout \u00e9garement.<\/p>\n<p>&#8211; Le crayon Deli est une cire douce, pas aussi dure et s\u00e8che que la cire ordinaire et lorsqu&rsquo;elle se pose sur la chemise et les mains de b\u00e9b\u00e9, les mamans peuvent les laver rapidement et facilement.<\/p>","protected":false},"excerpt":{"rendered":"<p>12 Color Wax Pen Deli C20200 Le crayon Deli 12 couleurs se compose de 12 couleurs de cire, apportant de<\/p>","protected":false},"featured_media":58248,"comment_status":"open","ping_status":"closed","template":"","meta":[],"pwb-brand":[659],"product_brand":[],"product_cat":[647,615,1063],"product_tag":[],"class_list":{"0":"post-25149","1":"product","2":"type-product","3":"status-publish","4":"has-post-thumbnail","6":"pwb-brand-deli","7":"product_cat-arts-loisirs-creatifs","8":"product_cat-papeterie-et-fournitures-artistiques","9":"product_cat-pastel-a-lhuile-arts-loisirs-creatifs","11":"first","12":"instock","13":"taxable","14":"shipping-taxable","15":"purchasable","16":"product-type-simple"},"jetpack_sharing_enabled":true,"brands":[{"id":659,"name":"DELI","slug":"deli"}],"_links":{"self":[{"href":"https:\/\/mafourniture.ma\/ar\/wp-json\/wp\/v2\/product\/25149","targetHints":{"allow":["GET"]}}],"collection":[{"href":"https:\/\/mafourniture.ma\/ar\/wp-json\/wp\/v2\/product"}],"about":[{"href":"https:\/\/mafourniture.ma\/ar\/wp-json\/wp\/v2\/types\/product"}],"replies":[{"embeddable":true,"href":"https:\/\/mafourniture.ma\/ar\/wp-json\/wp\/v2\/comments?post=25149"}],"version-history":[{"count":2,"href":"https:\/\/mafourniture.ma\/ar\/wp-json\/wp\/v2\/product\/25149\/revisions"}],"predecessor-version":[{"id":36574,"href":"https:\/\/mafourniture.ma\/ar\/wp-json\/wp\/v2\/product\/25149\/revisions\/36574"}],"wp:featuredmedia":[{"embeddable":true,"href":"https:\/\/mafourniture.ma\/ar\/wp-json\/wp\/v2\/media\/58248"}],"wp:attachment":[{"href":"https:\/\/mafourniture.ma\/ar\/wp-json\/wp\/v2\/media?parent=25149"}],"wp:term":[{"taxonomy":"pwb-brand","embeddable":true,"href":"https:\/\/mafourniture.ma\/ar\/wp-json\/wp\/v2\/pwb-brand?post=25149"},{"taxonomy":"product_brand","embeddable":true,"href":"https:\/\/mafourniture.ma\/ar\/wp-json\/wp\/v2\/product_brand?post=25149"},{"taxonomy":"product_cat","embeddable":true,"href":"https:\/\/mafourniture.ma\/ar\/wp-json\/wp\/v2\/product_cat?post=25149"},{"taxonomy":"product_tag","embeddable":true,"href":"https:\/\/mafourniture.ma\/ar\/wp-json\/wp\/v2\/product_tag?post=25149"}],"curies":[{"name":"wp","href":"https:\/\/api.w.org\/{rel}","templated":true}]}}