{"id":24985,"date":"2024-05-23T00:11:15","date_gmt":"2024-05-22T23:11:15","guid":{"rendered":"https:\/\/138.201.14.18\/~mafourn1\/produit\/feutre-lavable-12-couleurs-colorpeps-long-life-72-par-pack-maped-ref-845000\/"},"modified":"2026-05-15T07:57:30","modified_gmt":"2026-05-15T06:57:30","slug":"feutre-lavable-12-couleurs-colorpeps-long-life-72-par-pack-maped-ref-845000","status":"publish","type":"product","link":"https:\/\/mafourniture.ma\/ar\/product\/feutre-lavable-12-couleurs-colorpeps-long-life-72-par-pack-maped-ref-845000\/","title":{"rendered":"FEUTRE LAVABLE 12 COULEURS COLOR&rsquo;PEPS LONG LIFE &#8211; 72 PAR PACK &#8211; MAPED REF 845000"},"content":{"rendered":"<p>Maped Color&rsquo;Peps Long Life Feutre lavable, 72 par pack &#8211; 12 couleurs, Rangement vertical permet de gagner de la place<br \/>Pot carton de 72 feutres de coloriage \u00e0 l&rsquo;encre ultra lavable et longue dur\u00e9e.<br \/>Rangement vertical pour un faible encombrement. Resistant, stable et ne fait pas de bruit.<\/p>\n<p>Largeur de trac\u00e9: M, pointe r\u00e9sistante, capuchon ventil\u00e9, facile \u00e0 laver, embelli avec des motifs en couleur, tr\u00e8s durable <br \/>Contenu: 72 pi\u00e8ces (M845000) <br \/>Dimensions:(L)114 x (T)104 x (H)146,5 mm<br \/>Couleurs: noir, marron, vert, vert fonc\u00e9, orange, jaune, violet, rose, rouge, bleu, bleu fonc\u00e9, lilas<\/p>","protected":false},"excerpt":{"rendered":"<p>Maped Color&rsquo;Peps Long Life Feutre lavable, 72 par pack &#8211; 12 couleurs, Rangement vertical permet de gagner de la placePot<\/p>","protected":false},"featured_media":70815,"comment_status":"open","ping_status":"closed","template":"","meta":[],"pwb-brand":[631],"product_brand":[],"product_cat":[682,694,593],"product_tag":[],"class_list":{"0":"post-24985","1":"product","2":"type-product","3":"status-publish","4":"has-post-thumbnail","6":"pwb-brand-maped","7":"product_cat-ecriture-et-correction-fournitures-scolaires","8":"product_cat-feutres-ecriture-et-correction-fournitures-scolaires","9":"product_cat-fournitures-scolaires","11":"first","12":"instock","13":"taxable","14":"shipping-taxable","15":"purchasable","16":"product-type-simple"},"jetpack_sharing_enabled":true,"brands":[{"id":631,"name":"MAPED","slug":"maped"}],"_links":{"self":[{"href":"https:\/\/mafourniture.ma\/ar\/wp-json\/wp\/v2\/product\/24985","targetHints":{"allow":["GET"]}}],"collection":[{"href":"https:\/\/mafourniture.ma\/ar\/wp-json\/wp\/v2\/product"}],"about":[{"href":"https:\/\/mafourniture.ma\/ar\/wp-json\/wp\/v2\/types\/product"}],"replies":[{"embeddable":true,"href":"https:\/\/mafourniture.ma\/ar\/wp-json\/wp\/v2\/comments?post=24985"}],"version-history":[{"count":2,"href":"https:\/\/mafourniture.ma\/ar\/wp-json\/wp\/v2\/product\/24985\/revisions"}],"predecessor-version":[{"id":36344,"href":"https:\/\/mafourniture.ma\/ar\/wp-json\/wp\/v2\/product\/24985\/revisions\/36344"}],"wp:featuredmedia":[{"embeddable":true,"href":"https:\/\/mafourniture.ma\/ar\/wp-json\/wp\/v2\/media\/70815"}],"wp:attachment":[{"href":"https:\/\/mafourniture.ma\/ar\/wp-json\/wp\/v2\/media?parent=24985"}],"wp:term":[{"taxonomy":"pwb-brand","embeddable":true,"href":"https:\/\/mafourniture.ma\/ar\/wp-json\/wp\/v2\/pwb-brand?post=24985"},{"taxonomy":"product_brand","embeddable":true,"href":"https:\/\/mafourniture.ma\/ar\/wp-json\/wp\/v2\/product_brand?post=24985"},{"taxonomy":"product_cat","embeddable":true,"href":"https:\/\/mafourniture.ma\/ar\/wp-json\/wp\/v2\/product_cat?post=24985"},{"taxonomy":"product_tag","embeddable":true,"href":"https:\/\/mafourniture.ma\/ar\/wp-json\/wp\/v2\/product_tag?post=24985"}],"curies":[{"name":"wp","href":"https:\/\/api.w.org\/{rel}","templated":true}]}}