{"id":24936,"date":"2024-05-23T00:03:46","date_gmt":"2024-05-22T23:03:46","guid":{"rendered":"https:\/\/138.201.14.18\/~mafourn1\/produit\/winsor-newton-promarker-vert-pastel-g829\/"},"modified":"2026-05-01T04:21:24","modified_gmt":"2026-05-01T03:21:24","slug":"winsor-newton-promarker-vert-pastel-g829","status":"publish","type":"product","link":"https:\/\/mafourniture.ma\/ar\/product\/winsor-newton-promarker-vert-pastel-g829\/","title":{"rendered":"WINSOR &amp; NEWTON PROMARKER VERT PASTEL (G829)"},"content":{"rendered":"<p>Cr\u00e9meux et souple, le Promarker en vert pastel a une tonalit\u00e9 douce et l\u00e9g\u00e8re. Explorez diff\u00e9rentes largeurs de trait avec le bord de la plume large et ajoutez des d\u00e9tails avec la plume fine. Essayez de superposer les couches pour varier la profondeur et l&rsquo;opacit\u00e9, ou utilisez le Promarker Blender pour adoucir et fusionner les couleurs.<\/p>\n<p>Descriptif technique:<\/p>\n<p>Marqueur \u00e0 2 pointes, une fine et une large.<br \/>Une pointe fine id\u00e9ale pour r\u00e9aliser des d\u00e9tails et des trac\u00e9s de lignes.<br \/>Une pointe large formidable pour r\u00e9aliser des visuels rapides et remplir de grandes zones.<br \/>Encre \u00e0 s\u00e9chage rapide, application uniforme.<br \/>Des couleurs translucides parfaites pour dessiner par couche, excellentes pour les ombres et les d\u00e9grad\u00e9s.<\/p>","protected":false},"excerpt":{"rendered":"<p>Cr\u00e9meux et souple, le Promarker en vert pastel a une tonalit\u00e9 douce et l\u00e9g\u00e8re. Explorez diff\u00e9rentes largeurs de trait avec<\/p>","protected":false},"featured_media":61474,"comment_status":"open","ping_status":"closed","template":"","meta":[],"pwb-brand":[649],"product_brand":[],"product_cat":[647,648,615],"product_tag":[],"class_list":{"0":"post-24936","1":"product","2":"type-product","3":"status-publish","4":"has-post-thumbnail","6":"pwb-brand-winsor-newton","7":"product_cat-arts-loisirs-creatifs","8":"product_cat-marqueurs","9":"product_cat-papeterie-et-fournitures-artistiques","11":"first","12":"instock","13":"taxable","14":"shipping-taxable","15":"purchasable","16":"product-type-simple"},"jetpack_sharing_enabled":true,"brands":[{"id":649,"name":"WINSOR &amp; NEWTON","slug":"winsor-newton"}],"_links":{"self":[{"href":"https:\/\/mafourniture.ma\/ar\/wp-json\/wp\/v2\/product\/24936","targetHints":{"allow":["GET"]}}],"collection":[{"href":"https:\/\/mafourniture.ma\/ar\/wp-json\/wp\/v2\/product"}],"about":[{"href":"https:\/\/mafourniture.ma\/ar\/wp-json\/wp\/v2\/types\/product"}],"replies":[{"embeddable":true,"href":"https:\/\/mafourniture.ma\/ar\/wp-json\/wp\/v2\/comments?post=24936"}],"version-history":[{"count":3,"href":"https:\/\/mafourniture.ma\/ar\/wp-json\/wp\/v2\/product\/24936\/revisions"}],"predecessor-version":[{"id":35016,"href":"https:\/\/mafourniture.ma\/ar\/wp-json\/wp\/v2\/product\/24936\/revisions\/35016"}],"wp:featuredmedia":[{"embeddable":true,"href":"https:\/\/mafourniture.ma\/ar\/wp-json\/wp\/v2\/media\/61474"}],"wp:attachment":[{"href":"https:\/\/mafourniture.ma\/ar\/wp-json\/wp\/v2\/media?parent=24936"}],"wp:term":[{"taxonomy":"pwb-brand","embeddable":true,"href":"https:\/\/mafourniture.ma\/ar\/wp-json\/wp\/v2\/pwb-brand?post=24936"},{"taxonomy":"product_brand","embeddable":true,"href":"https:\/\/mafourniture.ma\/ar\/wp-json\/wp\/v2\/product_brand?post=24936"},{"taxonomy":"product_cat","embeddable":true,"href":"https:\/\/mafourniture.ma\/ar\/wp-json\/wp\/v2\/product_cat?post=24936"},{"taxonomy":"product_tag","embeddable":true,"href":"https:\/\/mafourniture.ma\/ar\/wp-json\/wp\/v2\/product_tag?post=24936"}],"curies":[{"name":"wp","href":"https:\/\/api.w.org\/{rel}","templated":true}]}}