{"id":24865,"date":"2024-05-22T00:11:54","date_gmt":"2024-05-21T23:11:54","guid":{"rendered":"https:\/\/138.201.14.18\/~mafourn1\/produit\/spray-premium-400ml-bleu-intense-moyen-093-molotow\/"},"modified":"2026-04-15T11:19:10","modified_gmt":"2026-04-15T10:19:10","slug":"spray-premium-400ml-bleu-intense-moyen-093-molotow","status":"publish","type":"product","link":"https:\/\/mafourniture.ma\/ar\/product\/spray-premium-400ml-bleu-intense-moyen-093-molotow\/","title":{"rendered":"SPRAY PREMIUM 400ML BLEU INTENSE MOYEN 093 MOLOTOW"},"content":{"rendered":"<p>Belton est la gamme de peintures en a\u00e9rosol Premium de Molotow. Les canettes Belton sont disponibles dans une vaste gamme de couleurs et sont parfaitement opaques, r\u00e9sistantes aux intemp\u00e9ries, aux UV et \u00e0 la lumi\u00e8re. Parce qu&rsquo;elles sont fabriqu\u00e9es avec des pigments de peinture automobile quadruple, les couleurs Belton sont exceptionnellement permanentes. Les artistes de rue allemands qui ont utilis\u00e9 des canettes Belton dans les ann\u00e9es 1990 ont rapport\u00e9 que leurs \u0153uvres d&rsquo;art se sont \u00e0 peine fan\u00e9es ou alt\u00e9r\u00e9es en deux d\u00e9cennies.<br \/>Les peintures en a\u00e9rosol Belton peuvent \u00eatre utilis\u00e9es sur n&rsquo;importe quelle surface, par tous les temps (jusqu&rsquo;\u00e0 un minimum de -10 \u00b0 C), et peuvent \u00eatre combin\u00e9es avec de la peinture acrylique, des pastels \u00e0 l&rsquo;huile ou des marqueurs. Ils peuvent distribuer la couleur rapidement et s\u00e8chent tr\u00e8s rapidement, ce qui les rend parfaits pour les artistes en d\u00e9placement. Ils sont con\u00e7us pour une utilisation en ext\u00e9rieur et ne doivent \u00eatre utilis\u00e9s \u00e0 l&rsquo;int\u00e9rieur que si l&rsquo;espace est exceptionnellement bien ventil\u00e9. Les beaux artistes souhaitant utiliser la peinture en a\u00e9rosol Molotow \u00e0 l&rsquo;int\u00e9rieur devraient envisager la gamme de peinture acrylique en a\u00e9rosol One4All.<br \/>Chaque bidon Belton est \u00e9quip\u00e9 d&rsquo;une valve de pulv\u00e9risation Flowmaster qui assure une pression et une application uniformes de la peinture, tout en minimisant la poussi\u00e8re de pulv\u00e9risation et les gouttes. Les bouchons Flowmaster ont un r\u00e9glage basse pression qui est id\u00e9al pour des lignes claires et r\u00e9guli\u00e8res et un travail d\u00e9taill\u00e9, et un r\u00e9glage haute pression parfait pour couvrir rapidement de grandes surfaces. Les capuchons sont cod\u00e9s par couleur, vous savez donc toujours quelle couleur vous utilisez.<\/p>","protected":false},"excerpt":{"rendered":"<p>Belton est la gamme de peintures en a\u00e9rosol Premium de Molotow. Les canettes Belton sont disponibles dans une vaste gamme<\/p>","protected":false},"featured_media":58483,"comment_status":"open","ping_status":"closed","template":"","meta":[],"pwb-brand":[855],"product_brand":[],"product_cat":[647,944,615,943],"product_tag":[],"class_list":{"0":"post-24865","1":"product","2":"type-product","3":"status-publish","4":"has-post-thumbnail","6":"pwb-brand-molotow","7":"product_cat-arts-loisirs-creatifs","8":"product_cat-bombe-de-peinture-aerosol","9":"product_cat-papeterie-et-fournitures-artistiques","10":"product_cat-peintures-aerosols","12":"first","13":"instock","14":"taxable","15":"shipping-taxable","16":"purchasable","17":"product-type-simple"},"jetpack_sharing_enabled":true,"brands":[{"id":855,"name":"MOLOTOW","slug":"molotow"}],"_links":{"self":[{"href":"https:\/\/mafourniture.ma\/ar\/wp-json\/wp\/v2\/product\/24865","targetHints":{"allow":["GET"]}}],"collection":[{"href":"https:\/\/mafourniture.ma\/ar\/wp-json\/wp\/v2\/product"}],"about":[{"href":"https:\/\/mafourniture.ma\/ar\/wp-json\/wp\/v2\/types\/product"}],"replies":[{"embeddable":true,"href":"https:\/\/mafourniture.ma\/ar\/wp-json\/wp\/v2\/comments?post=24865"}],"version-history":[{"count":3,"href":"https:\/\/mafourniture.ma\/ar\/wp-json\/wp\/v2\/product\/24865\/revisions"}],"predecessor-version":[{"id":36833,"href":"https:\/\/mafourniture.ma\/ar\/wp-json\/wp\/v2\/product\/24865\/revisions\/36833"}],"wp:featuredmedia":[{"embeddable":true,"href":"https:\/\/mafourniture.ma\/ar\/wp-json\/wp\/v2\/media\/58483"}],"wp:attachment":[{"href":"https:\/\/mafourniture.ma\/ar\/wp-json\/wp\/v2\/media?parent=24865"}],"wp:term":[{"taxonomy":"pwb-brand","embeddable":true,"href":"https:\/\/mafourniture.ma\/ar\/wp-json\/wp\/v2\/pwb-brand?post=24865"},{"taxonomy":"product_brand","embeddable":true,"href":"https:\/\/mafourniture.ma\/ar\/wp-json\/wp\/v2\/product_brand?post=24865"},{"taxonomy":"product_cat","embeddable":true,"href":"https:\/\/mafourniture.ma\/ar\/wp-json\/wp\/v2\/product_cat?post=24865"},{"taxonomy":"product_tag","embeddable":true,"href":"https:\/\/mafourniture.ma\/ar\/wp-json\/wp\/v2\/product_tag?post=24865"}],"curies":[{"name":"wp","href":"https:\/\/api.w.org\/{rel}","templated":true}]}}