{"id":24808,"date":"2024-05-22T00:03:06","date_gmt":"2024-05-21T23:03:06","guid":{"rendered":"https:\/\/138.201.14.18\/~mafourn1\/produit\/marqueur-arcylique-one4all-127hs-2mm-magenta-232-molotow\/"},"modified":"2026-05-14T11:45:36","modified_gmt":"2026-05-14T10:45:36","slug":"marqueur-arcylique-one4all-127hs-2mm-magenta-232-molotow","status":"publish","type":"product","link":"https:\/\/mafourniture.ma\/ar\/product\/marqueur-arcylique-one4all-127hs-2mm-magenta-232-molotow\/","title":{"rendered":"MARQUEUR ARCYLIQUE ONE4ALL 127HS 2MM MAGENTA 232 MOLOTOW"},"content":{"rendered":"<p>Le syst\u00e8me Molotow One4All se compose de marqueurs, de recharges et de pointes interchangeables. La peinture hybride \u00e0 base d&rsquo;acrylique hautement pigment\u00e9e et sans solvant couvre presque toutes les surfaces \u00e0 l&rsquo;int\u00e9rieur et \u00e0 l&rsquo;ext\u00e9rieur et est r\u00e9sistante aux UV. Ce marqueur \u00e0 pointe ronde standard de 2 mm est dot\u00e9 d&rsquo;une technologie capillaire brevet\u00e9e, d&rsquo;une vanne de pompe Flowmaster et d&rsquo;un capuchon tr\u00e8s \u00e9tanche avec but\u00e9e de roulement. La pointe standard est la taille de pointe id\u00e9ale pour remplir les zones de petite \u00e0 moyenne taille. Fabriqu\u00e9 en Allemagne. <\/p>","protected":false},"excerpt":{"rendered":"<p>Le syst\u00e8me Molotow One4All se compose de marqueurs, de recharges et de pointes interchangeables. La peinture hybride \u00e0 base d&rsquo;acrylique<\/p>","protected":false},"featured_media":69923,"comment_status":"open","ping_status":"closed","template":"","meta":[],"pwb-brand":[855],"product_brand":[],"product_cat":[647,648,615],"product_tag":[],"class_list":{"0":"post-24808","1":"product","2":"type-product","3":"status-publish","4":"has-post-thumbnail","6":"pwb-brand-molotow","7":"product_cat-arts-loisirs-creatifs","8":"product_cat-marqueurs","9":"product_cat-papeterie-et-fournitures-artistiques","11":"first","12":"instock","13":"taxable","14":"shipping-taxable","15":"purchasable","16":"product-type-simple"},"jetpack_sharing_enabled":true,"brands":[{"id":855,"name":"MOLOTOW","slug":"molotow"}],"_links":{"self":[{"href":"https:\/\/mafourniture.ma\/ar\/wp-json\/wp\/v2\/product\/24808","targetHints":{"allow":["GET"]}}],"collection":[{"href":"https:\/\/mafourniture.ma\/ar\/wp-json\/wp\/v2\/product"}],"about":[{"href":"https:\/\/mafourniture.ma\/ar\/wp-json\/wp\/v2\/types\/product"}],"replies":[{"embeddable":true,"href":"https:\/\/mafourniture.ma\/ar\/wp-json\/wp\/v2\/comments?post=24808"}],"version-history":[{"count":2,"href":"https:\/\/mafourniture.ma\/ar\/wp-json\/wp\/v2\/product\/24808\/revisions"}],"predecessor-version":[{"id":36773,"href":"https:\/\/mafourniture.ma\/ar\/wp-json\/wp\/v2\/product\/24808\/revisions\/36773"}],"wp:featuredmedia":[{"embeddable":true,"href":"https:\/\/mafourniture.ma\/ar\/wp-json\/wp\/v2\/media\/69923"}],"wp:attachment":[{"href":"https:\/\/mafourniture.ma\/ar\/wp-json\/wp\/v2\/media?parent=24808"}],"wp:term":[{"taxonomy":"pwb-brand","embeddable":true,"href":"https:\/\/mafourniture.ma\/ar\/wp-json\/wp\/v2\/pwb-brand?post=24808"},{"taxonomy":"product_brand","embeddable":true,"href":"https:\/\/mafourniture.ma\/ar\/wp-json\/wp\/v2\/product_brand?post=24808"},{"taxonomy":"product_cat","embeddable":true,"href":"https:\/\/mafourniture.ma\/ar\/wp-json\/wp\/v2\/product_cat?post=24808"},{"taxonomy":"product_tag","embeddable":true,"href":"https:\/\/mafourniture.ma\/ar\/wp-json\/wp\/v2\/product_tag?post=24808"}],"curies":[{"name":"wp","href":"https:\/\/api.w.org\/{rel}","templated":true}]}}