{"id":24778,"date":"2024-05-20T15:38:02","date_gmt":"2024-05-20T14:38:02","guid":{"rendered":"https:\/\/138.201.14.18\/~mafourn1\/produit\/imprimante-canon-i-sensys-lbp6030b\/"},"modified":"2026-04-20T10:59:48","modified_gmt":"2026-04-20T09:59:48","slug":"imprimante-canon-i-sensys-lbp6030b","status":"publish","type":"product","link":"https:\/\/mafourniture.ma\/ar\/product\/imprimante-canon-i-sensys-lbp6030b\/","title":{"rendered":"IMPRIMANTE CANON I-SENSYS LBP6030B"},"content":{"rendered":"<p>i-SENSYS LBP6030B<br \/>Une imprimante laser monochrome abordable et peu encombrante con\u00e7ue pour les particuliers ou les petits bureaux. Silencieuse, fiable et tr\u00e8s \u00e9conome en \u00e9nergie, elle assure des impressions rapides de qualit\u00e9 sup\u00e9rieure.<\/p>\n<p>Points forts<br \/>Imprimante laser monochrome abordable, id\u00e9ale pour les petits bureaux ou les bureaux \u00e0 domicile<br \/>Impressions noir et blanc rapides et de qualit\u00e9 sup\u00e9rieure \u00e0 une vitesse de 18 pages par minute<br \/>Plus besoin d&rsquo;attendre les impressions gr\u00e2ce \u00e0 la premi\u00e8re impression rapide<br \/>Design \u00e9l\u00e9gant et faible encombrement pour s&rsquo;int\u00e9grer dans n&rsquo;importe quel espace de bureau<br \/>Profitez d&rsquo;une efficacit\u00e9 \u00e9nerg\u00e9tique in\u00e9gal\u00e9e<\/p>\n<p>Sp\u00e9cifications d&rsquo;impression<br \/>MOTEUR D&rsquo;IMPRESSION<br \/>Vitesse d&rsquo;impression<br \/>Noir et blanc 18 ppm (A4)\u00b9<\/p>\n<p>M\u00e9thode d&rsquo;impression<br \/>Impression noir et blanc par syst\u00e8me \u00e0 faisceau laser<\/p>\n<p>Qualit\u00e9 d&rsquo;impression<br \/>Jusqu&rsquo;\u00e0 2400 \u00d7 600 dpi avec fonction de lissage automatique d&rsquo;image<\/p>\n<p>R\u00e9solution<br \/>600 \u00d7 600 dpi<\/p>\n<p>Temps de pr\u00e9chauffage<br \/>Environ 1 seconde en sortie de veille<br \/>10 secondes maximum depuis la mise sous tension<\/p>\n<p>Temps de sortie de la premi\u00e8re page<br \/>Environ 7,8 secondes maximum<\/p>\n<p>Cycle de travail<br \/>5000 pages par mois maximum<\/p>\n<p>Marges d&rsquo;impression<br \/>5 mm haut, bas, gauche, droite<\/p>\n<p>GESTION DES SUPPORTS<br \/>Chargeur papier (Standard)<br \/>Bac multifonction 150 feuilles<\/p>\n<p>Sortie papier<br \/>100 feuilles vers le bas<\/p>\n<p>Types de supports<br \/>Papier ordinaire, papier \u00e9pais, transparents,<br \/>\u00c9tiquettes, enveloppes<\/p>\n<p>Formats de supports<br \/>A4\/B5\/A5\/LGL\/LTR\/EXE\/16K\/Format personnalis\u00e9<br \/>Env. COM10\/Env. Monarch\/Env. C5\/Env. DL<br \/>76,2~216 mm (largeur) \u00d7 188~356 mm (longueur)<\/p>\n<p>Grammages de supports<br \/>Bac multifonction :<br \/>60 \u00e0 163 g\/m<\/p>\n<p>CARACT\u00c9RISTIQUES G\u00c9N\u00c9RALES<br \/>Type d&rsquo;alimentation<br \/>Alimentation 220 \u00e0 240 V (\u00b110 %), 50\/60 Hz (\u00b12 Hz)<\/p>\n<p>Consommation<br \/>Maximum : environ 870 W maximum<br \/>En fonctionnement : moyenne de 330 W<br \/>En attente : moyenne de 1,8 W maximum<br \/>En veille prolong\u00e9e : moyenne de 0,8 W maximum<br \/>Consommation \u00e9lectrique typique : 0,47 kWh\/semaine<br \/>Lot26 (http:\/\/www.canon-europe.com\/For_Work\/Lot26\/index.aspx)<\/p>\n<p>Niveau de bruit<br \/>Puissance sonore\u00b9 :<br \/>Pendant l&rsquo;utilisation : 6,34 B maximum<br \/>En attente : inaudible<br \/>Pression sonore\u00b9 :<br \/>En fonctionnement : 49,2 dB(A)<br \/>En attente : inaudible<\/p>\n<p>Dimensions (L \u00d7 P \u00d7 H)<br \/>364 mm \u00d7 249 mm \u00d7 199 mm<\/p>\n<p>Poids<br \/>Environ 5 kg<\/p>\n<p>Environnement de fonctionnement<br \/>Temp\u00e9rature : 10~30\u00baC<br \/>Humidit\u00e9 : 20~80 % d&rsquo;humidit\u00e9 relative (sans condensation)<\/p>\n<p>Panneau de commande<br \/>2 voyants, 2 touches de fonctionnement<\/p>\n<p>CONTR\u00d4LEUR<br \/>M\u00e9moire<br \/>32 Mo<\/p>\n<p>Langages de l&rsquo;imprimante<br \/>UFRII LT<\/p>\n<p>Interface et connectivit\u00e9<br \/>USB 2.0 Haute-vitesse<\/p>\n<p>Compatibilit\u00e9 avec les syst\u00e8mes d&rsquo;exploitation<br \/>Windows 8.1 (32\/64 bits)\/Windows 8 (32\/64 bits)\/Windows 7 (32\/64 bits)\/Windows Vista (32\/64 bits)\/XP (32\/64 bits)\/Server 2012 (32\/64 bits)\/Server 2012 R2 (64 bits)\/Server 2008 (32\/64 bits)\/Server 2008 R2 (64 bits)\/Server 2003 (32\/64 bits)\/Mac OS X 10.6~ \/Linux\u00b9 \/Citrix(FR2)<\/p>\n<p>CONSOMMABLES<br \/>Cartouches Tout-en-Un<br \/>Standard : cartouche 725 (1600 pages\u00b9)\u00b2<\/p>\n<p>Avis de non-responsabilit\u00e9<br \/>Toutes les caract\u00e9ristiques sont susceptibles d&rsquo;\u00eatre modifi\u00e9es sans pr\u00e9avis.<\/p>\n<p>Note de bas de page<br \/>\u00b9 La vitesse d&rsquo;impression d\u00e9pend des param\u00e8tres du pilote d&rsquo;impression, du format de papier, du type de papier et du nombre de pages \u00e0 imprimer.<\/p>\n<p>\u00b9 \u00c9mission de bruit conforme \u00e0 la norme ISO 9296.<\/p>\n<p>\u00b9 Distribution Internet uniquement.<\/p>\n<p>\u00b9 Selon la norme ISO\/IEC 19752.<br \/>\u00b2 Imprimante fournie avec une cartouche de d\u00e9marrage 700 pages.<\/p>","protected":false},"excerpt":{"rendered":"<p>i-SENSYS LBP6030BUne imprimante laser monochrome abordable et peu encombrante con\u00e7ue pour les particuliers ou les petits bureaux. Silencieuse, fiable et<\/p>","protected":false},"featured_media":58806,"comment_status":"open","ping_status":"closed","template":"","meta":[],"pwb-brand":[764],"product_brand":[],"product_cat":[711,710,585],"product_tag":[],"class_list":{"0":"post-24778","1":"product","2":"type-product","3":"status-publish","4":"has-post-thumbnail","6":"pwb-brand-canon","7":"product_cat-imprimantes-laser","8":"product_cat-materiel-dimpression","9":"product_cat-materiels-informatiques","11":"first","12":"instock","13":"taxable","14":"shipping-taxable","15":"purchasable","16":"product-type-simple"},"jetpack_sharing_enabled":true,"brands":[{"id":764,"name":"CANON","slug":"canon"}],"_links":{"self":[{"href":"https:\/\/mafourniture.ma\/ar\/wp-json\/wp\/v2\/product\/24778","targetHints":{"allow":["GET"]}}],"collection":[{"href":"https:\/\/mafourniture.ma\/ar\/wp-json\/wp\/v2\/product"}],"about":[{"href":"https:\/\/mafourniture.ma\/ar\/wp-json\/wp\/v2\/types\/product"}],"replies":[{"embeddable":true,"href":"https:\/\/mafourniture.ma\/ar\/wp-json\/wp\/v2\/comments?post=24778"}],"version-history":[{"count":3,"href":"https:\/\/mafourniture.ma\/ar\/wp-json\/wp\/v2\/product\/24778\/revisions"}],"predecessor-version":[{"id":36729,"href":"https:\/\/mafourniture.ma\/ar\/wp-json\/wp\/v2\/product\/24778\/revisions\/36729"}],"wp:featuredmedia":[{"embeddable":true,"href":"https:\/\/mafourniture.ma\/ar\/wp-json\/wp\/v2\/media\/58806"}],"wp:attachment":[{"href":"https:\/\/mafourniture.ma\/ar\/wp-json\/wp\/v2\/media?parent=24778"}],"wp:term":[{"taxonomy":"pwb-brand","embeddable":true,"href":"https:\/\/mafourniture.ma\/ar\/wp-json\/wp\/v2\/pwb-brand?post=24778"},{"taxonomy":"product_brand","embeddable":true,"href":"https:\/\/mafourniture.ma\/ar\/wp-json\/wp\/v2\/product_brand?post=24778"},{"taxonomy":"product_cat","embeddable":true,"href":"https:\/\/mafourniture.ma\/ar\/wp-json\/wp\/v2\/product_cat?post=24778"},{"taxonomy":"product_tag","embeddable":true,"href":"https:\/\/mafourniture.ma\/ar\/wp-json\/wp\/v2\/product_tag?post=24778"}],"curies":[{"name":"wp","href":"https:\/\/api.w.org\/{rel}","templated":true}]}}