{"id":24766,"date":"2024-05-20T15:35:07","date_gmt":"2024-05-20T14:35:07","guid":{"rendered":"https:\/\/138.201.14.18\/~mafourn1\/produit\/plastifieuse-a3-comix-f9052\/"},"modified":"2026-05-15T11:46:03","modified_gmt":"2026-05-15T10:46:03","slug":"plastifieuse-a3-comix-f9052","status":"publish","type":"product","link":"https:\/\/mafourniture.ma\/ar\/product\/plastifieuse-a3-comix-f9052\/","title":{"rendered":"PLASTIFIEUSE A3 COMIX F9052"},"content":{"rendered":"<p>PLASTIFIEUSE A3 COMIX F9052<\/p>\n<p>Efficace et facile \u00e0 utiliser, la plastifieuse F9052 A3 de COMIX est id\u00e9ale pour prot\u00e9ger vos documents importants des agressions ext\u00e9rieures (d\u00e9chirures, salissures, humidit\u00e9\u2026)<br \/>p\u00e9cialement con\u00e7ue pour un usage quotidien, elle s\u2019utilise avec des pochettes d\u2019\u00e9paisseur maximale 200 microns en formats A5, A4 et A3. Tr\u00e8s rapide, cette indispensable du bureau est pr\u00eate \u00e0 l\u2019emploi en seulement 5 minutes et plastifie les documents A4 en seulement 59 s. Gain de temps garanti ! Gr\u00e2ce aux signaux sonores et lumineux, vous savez tout de suite quand la machine peut \u00eatre utilis\u00e9e.<\/p>","protected":false},"excerpt":{"rendered":"<p>PLASTIFIEUSE A3 COMIX F9052 Efficace et facile \u00e0 utiliser, la plastifieuse F9052 A3 de COMIX est id\u00e9ale pour prot\u00e9ger vos<\/p>","protected":false},"featured_media":70996,"comment_status":"open","ping_status":"closed","template":"","meta":[],"pwb-brand":[1128],"product_brand":[],"product_cat":[597,641,753],"product_tag":[],"class_list":{"0":"post-24766","1":"product","2":"type-product","3":"status-publish","4":"has-post-thumbnail","6":"pwb-brand-comix","7":"product_cat-fournitures-de-bureau","8":"product_cat-machines-de-bureau","9":"product_cat-plastifieuse","11":"first","12":"instock","13":"taxable","14":"shipping-taxable","15":"purchasable","16":"product-type-simple"},"jetpack_sharing_enabled":true,"brands":[{"id":1128,"name":"COMIX","slug":"comix"}],"_links":{"self":[{"href":"https:\/\/mafourniture.ma\/ar\/wp-json\/wp\/v2\/product\/24766","targetHints":{"allow":["GET"]}}],"collection":[{"href":"https:\/\/mafourniture.ma\/ar\/wp-json\/wp\/v2\/product"}],"about":[{"href":"https:\/\/mafourniture.ma\/ar\/wp-json\/wp\/v2\/types\/product"}],"replies":[{"embeddable":true,"href":"https:\/\/mafourniture.ma\/ar\/wp-json\/wp\/v2\/comments?post=24766"}],"version-history":[{"count":2,"href":"https:\/\/mafourniture.ma\/ar\/wp-json\/wp\/v2\/product\/24766\/revisions"}],"predecessor-version":[{"id":36670,"href":"https:\/\/mafourniture.ma\/ar\/wp-json\/wp\/v2\/product\/24766\/revisions\/36670"}],"wp:featuredmedia":[{"embeddable":true,"href":"https:\/\/mafourniture.ma\/ar\/wp-json\/wp\/v2\/media\/70996"}],"wp:attachment":[{"href":"https:\/\/mafourniture.ma\/ar\/wp-json\/wp\/v2\/media?parent=24766"}],"wp:term":[{"taxonomy":"pwb-brand","embeddable":true,"href":"https:\/\/mafourniture.ma\/ar\/wp-json\/wp\/v2\/pwb-brand?post=24766"},{"taxonomy":"product_brand","embeddable":true,"href":"https:\/\/mafourniture.ma\/ar\/wp-json\/wp\/v2\/product_brand?post=24766"},{"taxonomy":"product_cat","embeddable":true,"href":"https:\/\/mafourniture.ma\/ar\/wp-json\/wp\/v2\/product_cat?post=24766"},{"taxonomy":"product_tag","embeddable":true,"href":"https:\/\/mafourniture.ma\/ar\/wp-json\/wp\/v2\/product_tag?post=24766"}],"curies":[{"name":"wp","href":"https:\/\/api.w.org\/{rel}","templated":true}]}}