{"id":24757,"date":"2024-05-20T15:33:32","date_gmt":"2024-05-20T14:33:32","guid":{"rendered":"https:\/\/138.201.14.18\/~mafourn1\/produit\/photocopieur-sharp-ar-6020nv-a-multifonction-a3\/"},"modified":"2026-04-20T10:08:46","modified_gmt":"2026-04-20T09:08:46","slug":"photocopieur-sharp-ar-6020nv-a-multifonction-a3","status":"publish","type":"product","link":"https:\/\/mafourniture.ma\/ar\/product\/photocopieur-sharp-ar-6020nv-a-multifonction-a3\/","title":{"rendered":"COPIEUR SHARP REF AR-6020NV 60PPM A4 \/A3 +REVERSING AR-RP11N +HIGH STAND\/AR-DS19"},"content":{"rendered":"<p>AR-6020NV<br \/>Impression, copie, num\u00e9risation<br \/>Pages par minute: 20 N \/ B<br \/>Capacit\u00e9 papier: Std 350 Max 1850 feuilles<br \/>Pr\u00eat pour le r\u00e9seau en standard<br \/>Num\u00e9risation couleur A3<br \/>Impression recto verso et RSPF en option<br \/>Fonction r\u00e9seau TWAIN standard<br \/>Sharpdesk Mobile<\/p>\n<p>La nouvelle AR-6020NV est une imprimante multifonction noir et blanc A3 rapide et pr\u00eate pour le r\u00e9seau avec une conception flexible. Cette machine apporte des fonctionnalit\u00e9s avanc\u00e9es, une qualit\u00e9 impressionnante et une multitude de fonctionnalit\u00e9s de productivit\u00e9 \u00e0 la port\u00e9e de chaque petit groupe de travail. Il est id\u00e9al pour tous vos besoins quotidiens d&rsquo;impression noir et blanc, de num\u00e9risation couleur et de copie.<\/p>\n<p>Vous pouvez imprimer \u00e0 des vitesses de 20 pages par minute, ce qui est plus que suffisant pour r\u00e9pondre aux besoins d&rsquo;un petit bureau occup\u00e9. De plus, le langage d&rsquo;impression Sharp avec compression (SPLC) est fourni en standard, ce qui signifie un transfert de donn\u00e9es plus rapide et un d\u00e9bit am\u00e9lior\u00e9. En plus de performances optimis\u00e9es, l&rsquo;AR-6020NV offre une alimentation en papier extensible avec la possibilit\u00e9 d&rsquo;augmenter la capacit\u00e9 jusqu&rsquo;\u00e0 1850 feuilles.<\/p>\n<p>La copie est tout aussi simple et rapide que l&rsquo;impression. Un d\u00e9lai de sortie de la premi\u00e8re copie de 6,4 secondes \u00e9limine les retards inutiles li\u00e9s \u00e0 plusieurs travaux \u00e0 petit tirage et la technologie optimis\u00e9e Scan Once \/ Print Many simplifie les longs tirages. Le scanner A3 int\u00e9gr\u00e9 permet de num\u00e9riser des documents en couleur directement sur votre PC ou un autre appareil.Les fichiers num\u00e9ris\u00e9s peuvent \u00e9galement \u00eatre stock\u00e9s sur un serveur de fichiers pour un acc\u00e8s facile \u00e0 partir de n&rsquo;importe quel PC sur le r\u00e9seau, et ils peuvent \u00e9galement \u00eatre envoy\u00e9s en pi\u00e8ce jointe \u00e0 n&rsquo;importe quel adresse e-mail. Un port de cl\u00e9 USB pour la num\u00e9risation \u00e0 pied est \u00e9galement inclus.<\/p>\n<p>D&rsquo;autres fonctions de copie utiles incluent la copie de carte d&rsquo;identit\u00e9 et le tri par rotation, ainsi que l&rsquo;assemblage et le tri \u00e9lectroniques. Vous pouvez \u00e9galement ajouter un chargeur de documents pour num\u00e9riser des documents par lots importants.<\/p>\n<p>De plus, si vous ajoutez Sharpdesk Mobile, vous pourrez rendre votre MFP accessible aux tablettes et aux t\u00e9l\u00e9phones mobiles de vos visiteurs et employ\u00e9s &#8211; ils pourront imprimer depuis &#8211; ou num\u00e9riser vers &#8211; leurs appareils mobiles sans connexion par c\u00e2ble.<\/p>\n<p>En r\u00e9sum\u00e9, l&rsquo;AR-6020NV \u00e9conome en \u00e9nergie et pr\u00eat pour le r\u00e9seau offre toutes les fonctionnalit\u00e9s essentielles dont vous avez besoin et est parfait pour les petits groupes de travail.<\/p>","protected":false},"excerpt":{"rendered":"<p>AR-6020NVImpression, copie, num\u00e9risationPages par minute: 20 N \/ BCapacit\u00e9 papier: Std 350 Max 1850 feuillesPr\u00eat pour le r\u00e9seau en standardNum\u00e9risation<\/p>","protected":false},"featured_media":58205,"comment_status":"open","ping_status":"closed","template":"","meta":[],"pwb-brand":[1052],"product_brand":[],"product_cat":[710,585,1051,1050],"product_tag":[],"class_list":{"0":"post-24757","1":"product","2":"type-product","3":"status-publish","4":"has-post-thumbnail","6":"pwb-brand-sharp","7":"product_cat-materiel-dimpression","8":"product_cat-materiels-informatiques","9":"product_cat-multifonction","10":"product_cat-photocopieurs","12":"first","13":"instock","14":"taxable","15":"shipping-taxable","16":"purchasable","17":"product-type-simple"},"jetpack_sharing_enabled":true,"brands":[{"id":1052,"name":"SHARP","slug":"sharp"}],"_links":{"self":[{"href":"https:\/\/mafourniture.ma\/ar\/wp-json\/wp\/v2\/product\/24757","targetHints":{"allow":["GET"]}}],"collection":[{"href":"https:\/\/mafourniture.ma\/ar\/wp-json\/wp\/v2\/product"}],"about":[{"href":"https:\/\/mafourniture.ma\/ar\/wp-json\/wp\/v2\/types\/product"}],"replies":[{"embeddable":true,"href":"https:\/\/mafourniture.ma\/ar\/wp-json\/wp\/v2\/comments?post=24757"}],"version-history":[{"count":3,"href":"https:\/\/mafourniture.ma\/ar\/wp-json\/wp\/v2\/product\/24757\/revisions"}],"predecessor-version":[{"id":36523,"href":"https:\/\/mafourniture.ma\/ar\/wp-json\/wp\/v2\/product\/24757\/revisions\/36523"}],"wp:featuredmedia":[{"embeddable":true,"href":"https:\/\/mafourniture.ma\/ar\/wp-json\/wp\/v2\/media\/58205"}],"wp:attachment":[{"href":"https:\/\/mafourniture.ma\/ar\/wp-json\/wp\/v2\/media?parent=24757"}],"wp:term":[{"taxonomy":"pwb-brand","embeddable":true,"href":"https:\/\/mafourniture.ma\/ar\/wp-json\/wp\/v2\/pwb-brand?post=24757"},{"taxonomy":"product_brand","embeddable":true,"href":"https:\/\/mafourniture.ma\/ar\/wp-json\/wp\/v2\/product_brand?post=24757"},{"taxonomy":"product_cat","embeddable":true,"href":"https:\/\/mafourniture.ma\/ar\/wp-json\/wp\/v2\/product_cat?post=24757"},{"taxonomy":"product_tag","embeddable":true,"href":"https:\/\/mafourniture.ma\/ar\/wp-json\/wp\/v2\/product_tag?post=24757"}],"curies":[{"name":"wp","href":"https:\/\/api.w.org\/{rel}","templated":true}]}}