{"id":24752,"date":"2024-05-20T15:32:39","date_gmt":"2024-05-20T14:32:39","guid":{"rendered":"https:\/\/138.201.14.18\/~mafourn1\/produit\/imprimante-hp-laser-monochrome-m111a-a4-rv-20ppm\/"},"modified":"2026-05-15T09:29:14","modified_gmt":"2026-05-15T08:29:14","slug":"imprimante-hp-laser-monochrome-m111a-a4-rv-20ppm","status":"publish","type":"product","link":"https:\/\/mafourniture.ma\/ar\/product\/imprimante-hp-laser-monochrome-m111a-a4-rv-20ppm\/","title":{"rendered":"IMPRIMANTE HP LASER MONOCHROME  M111A  A4 RV  20PPM"},"content":{"rendered":"<p>Pr\u00e9sentation du produit<br \/>Impression respectueuse de l\u2019environnement<\/p>\n<p>Cette imprimante est fabriqu\u00e9e \u00e0 partir d\u2019imprimantes et d\u2019autres composants \u00e9lectroniques recycl\u00e9s, qui repr\u00e9sentent plus de 25 % de son poids de plastiques.<\/p>\n<p>Sp\u00e9cifications principales<br \/>Con\u00e7u pour l&rsquo;impression de gros volumes<\/p>\n<p>Impression recto-verso automatique<br \/>Con\u00e7u pour l&rsquo;impression de gros volumes<\/p>\n<p>Obtenez jusqu\u2019\u00e0 18 000 pages en noir et blanc ou 8 000 pages en couleur d\u2019encre HP authentique incluses dans la bo\u00eete.<\/p>\n<p>Encha\u00eenez rapidement plusieurs pages de document gr\u00e2ce \u00e0 une impression recto-verso automatique.<\/p>\n<p>La fiabilit\u00e9 de votre connexion<br \/>Application HP Smart<\/p>\n<p>La fiabilit\u00e9 de votre connexion<\/p>\n<p>Profitez de connexions plus rapides et plus fiables gr\u00e2ce au Wi- Fi bibande avec r\u00e9paration automatique.<\/p>\n<p>Application HP Smart<br \/>Imprimez, num\u00e9risez et copiez depuis votre t\u00e9l\u00e9phone, o\u00f9 que vous soyez. Profitez de la num\u00e9risation avanc\u00e9e pendant 12 mois avec HP Smart Tank.<\/p>\n<p>CARACTERISTIQUES DE Imprimante  HP LaserJet M111A :<br \/>-Vitesse d\u2019impression noir: 20 pages par minute (norme ISO)<br \/>-Qualit\u00e9 d\u2019impression noire: Jusqu\u2019\u00e0 600 x 600 ppp<br \/>-Volume de pages mensuel recommand\u00e9: 100 \u00e0 1000 pages\/mois<br \/>-Impression recto\/verso: Non<br \/>-Fonctionne avec: 1 (noir)<br \/>-Connectivit\u00e9: 1 port USB haut d\u00e9bit (compatible USB 2.0)<br \/>Encres fournies avec l\u2019imprimante: Toner HP LaserJet noir (rendement : 500 pages)<\/p>","protected":false},"excerpt":{"rendered":"<p>Pr\u00e9sentation du produitImpression respectueuse de l\u2019environnement Cette imprimante est fabriqu\u00e9e \u00e0 partir d\u2019imprimantes et d\u2019autres composants \u00e9lectroniques recycl\u00e9s, qui repr\u00e9sentent<\/p>","protected":false},"featured_media":70757,"comment_status":"open","ping_status":"closed","template":"","meta":[],"pwb-brand":[],"product_brand":[],"product_cat":[711,710,585],"product_tag":[],"class_list":{"0":"post-24752","1":"product","2":"type-product","3":"status-publish","4":"has-post-thumbnail","6":"product_cat-imprimantes-laser","7":"product_cat-materiel-dimpression","8":"product_cat-materiels-informatiques","10":"first","11":"instock","12":"taxable","13":"shipping-taxable","14":"purchasable","15":"product-type-simple"},"jetpack_sharing_enabled":true,"brands":[],"_links":{"self":[{"href":"https:\/\/mafourniture.ma\/ar\/wp-json\/wp\/v2\/product\/24752","targetHints":{"allow":["GET"]}}],"collection":[{"href":"https:\/\/mafourniture.ma\/ar\/wp-json\/wp\/v2\/product"}],"about":[{"href":"https:\/\/mafourniture.ma\/ar\/wp-json\/wp\/v2\/types\/product"}],"replies":[{"embeddable":true,"href":"https:\/\/mafourniture.ma\/ar\/wp-json\/wp\/v2\/comments?post=24752"}],"version-history":[{"count":2,"href":"https:\/\/mafourniture.ma\/ar\/wp-json\/wp\/v2\/product\/24752\/revisions"}],"predecessor-version":[{"id":36238,"href":"https:\/\/mafourniture.ma\/ar\/wp-json\/wp\/v2\/product\/24752\/revisions\/36238"}],"wp:featuredmedia":[{"embeddable":true,"href":"https:\/\/mafourniture.ma\/ar\/wp-json\/wp\/v2\/media\/70757"}],"wp:attachment":[{"href":"https:\/\/mafourniture.ma\/ar\/wp-json\/wp\/v2\/media?parent=24752"}],"wp:term":[{"taxonomy":"pwb-brand","embeddable":true,"href":"https:\/\/mafourniture.ma\/ar\/wp-json\/wp\/v2\/pwb-brand?post=24752"},{"taxonomy":"product_brand","embeddable":true,"href":"https:\/\/mafourniture.ma\/ar\/wp-json\/wp\/v2\/product_brand?post=24752"},{"taxonomy":"product_cat","embeddable":true,"href":"https:\/\/mafourniture.ma\/ar\/wp-json\/wp\/v2\/product_cat?post=24752"},{"taxonomy":"product_tag","embeddable":true,"href":"https:\/\/mafourniture.ma\/ar\/wp-json\/wp\/v2\/product_tag?post=24752"}],"curies":[{"name":"wp","href":"https:\/\/api.w.org\/{rel}","templated":true}]}}