{"id":24744,"date":"2024-05-20T15:31:11","date_gmt":"2024-05-20T14:31:11","guid":{"rendered":"https:\/\/138.201.14.18\/~mafourn1\/produit\/clavier-jedel-k12\/"},"modified":"2026-05-15T08:58:53","modified_gmt":"2026-05-15T07:58:53","slug":"clavier-jedel-k12","status":"publish","type":"product","link":"https:\/\/mafourniture.ma\/ar\/product\/clavier-jedel-k12\/","title":{"rendered":"CLAVIER JEDEL K12"},"content":{"rendered":"<p>Un clavier d&rsquo;ordinateur Azerty Touche Arabe et Fran\u00e7ais  avec le pav\u00e9 num\u00e9rique \u00e0 Droite, ce qui le rend plus simple \u00e0 utiliser pour les Droitiers.<\/p>\n<p>Autre avantage de ce clavier : les touches sont ergonomiques. Pour limiter les TMS (Troubles Musculo Squelettique) les touches sont inclin\u00e9es dans un sens pour la main gauche et dans l&rsquo;autre sens pour la main droite. Les mains restent donc dans l&rsquo;axe des avant-bras et les poignets sont soulag\u00e9s.<\/p>\n<p>Exceptionnellement les droitiers pourront l&rsquo;utiliser. Ils trouveront l&rsquo;avantage de r\u00e9duire la distance entre le clavier et la souris. La petite diff\u00e9rence est de 10 cm environ mais \u00e0 la fin de la journ\u00e9e, l&rsquo;\u00e9conomie musculaire est importante. Admettons qu&rsquo;une journ\u00e9e de travail comprend 4 heures devant l&rsquo;\u00e9cran avec un acc\u00e8s \u00e0 la souris toutes les minutes on obtient 24 m\u00e8tres ! Comme il est pr\u00e9cis\u00e9 sur l&#8217;emballage vous pouvez doubler votre productivit\u00e9 en tapant les chiffres et jouer de la souris simultan\u00e9ment.Un clavier d&rsquo;ordinateur Azerty Touche Arabe et Fran\u00e7ais  avec le pav\u00e9 num\u00e9rique \u00e0 Droite, ce qui le rend plus simple \u00e0 utiliser pour les Droitiers.<\/p>\n<p>Autre avantage de ce clavier : les touches sont ergonomiques. Pour limiter les TMS (Troubles Musculo Squelettique) les touches sont inclin\u00e9es dans un sens pour la main gauche et dans l&rsquo;autre sens pour la main droite. Les mains restent donc dans l&rsquo;axe des avant-bras et les poignets sont soulag\u00e9s.<\/p>\n<p>Exceptionnellement les droitiers pourront l&rsquo;utiliser. Ils trouveront l&rsquo;avantage de r\u00e9duire la distance entre le clavier et la souris. La petite diff\u00e9rence est de 10 cm environ mais \u00e0 la fin de la journ\u00e9e, l&rsquo;\u00e9conomie musculaire est importante. Admettons qu&rsquo;une journ\u00e9e de travail comprend 4 heures devant l&rsquo;\u00e9cran avec un acc\u00e8s \u00e0 la souris toutes les minutes on obtient 24 m\u00e8tres ! Comme il est pr\u00e9cis\u00e9 sur l&#8217;emballage vous pouvez doubler votre productivit\u00e9 en tapant les chiffres et jouer de la souris simultan\u00e9ment.<\/p>","protected":false},"excerpt":{"rendered":"<p>Un clavier d&rsquo;ordinateur Azerty Touche Arabe et Fran\u00e7ais avec le pav\u00e9 num\u00e9rique \u00e0 Droite, ce qui le rend plus simple<\/p>","protected":false},"featured_media":70736,"comment_status":"open","ping_status":"closed","template":"","meta":[],"pwb-brand":[755],"product_brand":[],"product_cat":[663,772,585,662],"product_tag":[],"class_list":{"0":"post-24744","1":"product","2":"type-product","3":"status-publish","4":"has-post-thumbnail","6":"pwb-brand-mtec","7":"product_cat-clavier","8":"product_cat-clavier-usb","9":"product_cat-materiels-informatiques","10":"product_cat-peripheriques","12":"first","13":"instock","14":"taxable","15":"shipping-taxable","16":"purchasable","17":"product-type-simple"},"jetpack_sharing_enabled":true,"brands":[{"id":755,"name":"MTEC","slug":"mtec"}],"_links":{"self":[{"href":"https:\/\/mafourniture.ma\/ar\/wp-json\/wp\/v2\/product\/24744","targetHints":{"allow":["GET"]}}],"collection":[{"href":"https:\/\/mafourniture.ma\/ar\/wp-json\/wp\/v2\/product"}],"about":[{"href":"https:\/\/mafourniture.ma\/ar\/wp-json\/wp\/v2\/types\/product"}],"replies":[{"embeddable":true,"href":"https:\/\/mafourniture.ma\/ar\/wp-json\/wp\/v2\/comments?post=24744"}],"version-history":[{"count":2,"href":"https:\/\/mafourniture.ma\/ar\/wp-json\/wp\/v2\/product\/24744\/revisions"}],"predecessor-version":[{"id":36211,"href":"https:\/\/mafourniture.ma\/ar\/wp-json\/wp\/v2\/product\/24744\/revisions\/36211"}],"wp:featuredmedia":[{"embeddable":true,"href":"https:\/\/mafourniture.ma\/ar\/wp-json\/wp\/v2\/media\/70736"}],"wp:attachment":[{"href":"https:\/\/mafourniture.ma\/ar\/wp-json\/wp\/v2\/media?parent=24744"}],"wp:term":[{"taxonomy":"pwb-brand","embeddable":true,"href":"https:\/\/mafourniture.ma\/ar\/wp-json\/wp\/v2\/pwb-brand?post=24744"},{"taxonomy":"product_brand","embeddable":true,"href":"https:\/\/mafourniture.ma\/ar\/wp-json\/wp\/v2\/product_brand?post=24744"},{"taxonomy":"product_cat","embeddable":true,"href":"https:\/\/mafourniture.ma\/ar\/wp-json\/wp\/v2\/product_cat?post=24744"},{"taxonomy":"product_tag","embeddable":true,"href":"https:\/\/mafourniture.ma\/ar\/wp-json\/wp\/v2\/product_tag?post=24744"}],"curies":[{"name":"wp","href":"https:\/\/api.w.org\/{rel}","templated":true}]}}