{"id":24721,"date":"2024-05-20T15:26:44","date_gmt":"2024-05-20T14:26:44","guid":{"rendered":"https:\/\/138.201.14.18\/~mafourn1\/produit\/canon-jet-dencre-megatank-g3430-mfp-3-en-1-wifi\/"},"modified":"2026-04-29T06:58:58","modified_gmt":"2026-04-29T05:58:58","slug":"canon-jet-dencre-megatank-g3430-mfp-3-en-1-wifi","status":"publish","type":"product","link":"https:\/\/mafourniture.ma\/ar\/product\/canon-jet-dencre-megatank-g3430-mfp-3-en-1-wifi\/","title":{"rendered":"CANON JET D&rsquo;ENCRE MEGATank  G3430 MFP 3 EN 1 WIFI"},"content":{"rendered":"<p>Impression, copie et scan, Wi-Fi, Cloud<br \/>Livr\u00e9e avec 4 bouteilles d&rsquo;encre GI-41S GI-41S GI-41S GI-41S<br \/>Vitesse d&rsquo;impression noir: 30 pages\/min (11 images\/min) en norme ISO<br \/>Vitesse d&rsquo;impression couleur: 12 pages\/min (6.0 images\/min) en norme ISO<br \/>Qualit\u00e9 d&rsquo;impression noire: Jusqu&rsquo;\u00e0 4800 \u00d7 1200 DPI (ppp)<br \/>Qualit\u00e9 d&rsquo;impression couleur: Jusqu&rsquo;\u00e0 4800 \u00d7 1200 DPI (ppp)<br \/>Impression recto\/verso: Manuelle<br \/>Fonctionne avec: 4 R\u00e9servoirs (noir, cyan, magenta, jaune)<br \/>Connectivit\u00e9: Hi-Speed USB (USB B Port), Wi-Fi MX514,<br \/>PIXMA MX524,<br \/>PIXMA MX534<\/p>","protected":false},"excerpt":{"rendered":"<p>Impression, copie et scan, Wi-Fi, CloudLivr\u00e9e avec 4 bouteilles d&rsquo;encre GI-41S GI-41S GI-41S GI-41SVitesse d&rsquo;impression noir: 30 pages\/min (11 images\/min)<\/p>","protected":false},"featured_media":59622,"comment_status":"open","ping_status":"closed","template":"","meta":[],"pwb-brand":[764],"product_brand":[],"product_cat":[871,710,585],"product_tag":[],"class_list":{"0":"post-24721","1":"product","2":"type-product","3":"status-publish","4":"has-post-thumbnail","6":"pwb-brand-canon","7":"product_cat-imprimantes-jet-dencre","8":"product_cat-materiel-dimpression","9":"product_cat-materiels-informatiques","11":"first","12":"instock","13":"taxable","14":"shipping-taxable","15":"purchasable","16":"product-type-simple"},"jetpack_sharing_enabled":true,"brands":[{"id":764,"name":"CANON","slug":"canon"}],"_links":{"self":[{"href":"https:\/\/mafourniture.ma\/ar\/wp-json\/wp\/v2\/product\/24721","targetHints":{"allow":["GET"]}}],"collection":[{"href":"https:\/\/mafourniture.ma\/ar\/wp-json\/wp\/v2\/product"}],"about":[{"href":"https:\/\/mafourniture.ma\/ar\/wp-json\/wp\/v2\/types\/product"}],"replies":[{"embeddable":true,"href":"https:\/\/mafourniture.ma\/ar\/wp-json\/wp\/v2\/comments?post=24721"}],"version-history":[{"count":3,"href":"https:\/\/mafourniture.ma\/ar\/wp-json\/wp\/v2\/product\/24721\/revisions"}],"predecessor-version":[{"id":36058,"href":"https:\/\/mafourniture.ma\/ar\/wp-json\/wp\/v2\/product\/24721\/revisions\/36058"}],"wp:featuredmedia":[{"embeddable":true,"href":"https:\/\/mafourniture.ma\/ar\/wp-json\/wp\/v2\/media\/59622"}],"wp:attachment":[{"href":"https:\/\/mafourniture.ma\/ar\/wp-json\/wp\/v2\/media?parent=24721"}],"wp:term":[{"taxonomy":"pwb-brand","embeddable":true,"href":"https:\/\/mafourniture.ma\/ar\/wp-json\/wp\/v2\/pwb-brand?post=24721"},{"taxonomy":"product_brand","embeddable":true,"href":"https:\/\/mafourniture.ma\/ar\/wp-json\/wp\/v2\/product_brand?post=24721"},{"taxonomy":"product_cat","embeddable":true,"href":"https:\/\/mafourniture.ma\/ar\/wp-json\/wp\/v2\/product_cat?post=24721"},{"taxonomy":"product_tag","embeddable":true,"href":"https:\/\/mafourniture.ma\/ar\/wp-json\/wp\/v2\/product_tag?post=24721"}],"curies":[{"name":"wp","href":"https:\/\/api.w.org\/{rel}","templated":true}]}}