{"id":24719,"date":"2024-05-20T15:26:27","date_gmt":"2024-05-20T14:26:27","guid":{"rendered":"https:\/\/138.201.14.18\/~mafourn1\/produit\/imprimante-hp-laser-couleur-150nw-rv-mnuel-18ppm\/"},"modified":"2026-05-13T07:03:41","modified_gmt":"2026-05-13T06:03:41","slug":"imprimante-hp-laser-couleur-150nw-rv-mnuel-18ppm","status":"publish","type":"product","link":"https:\/\/mafourniture.ma\/ar\/product\/imprimante-hp-laser-couleur-150nw-rv-mnuel-18ppm\/","title":{"rendered":"IMPRIMANTE HP LASER COULEUR 150NW RV MNUEL 18PPM"},"content":{"rendered":"<p>L&rsquo;imprimante HP Laser Couleur 150nw est un appareil performant con\u00e7u pour r\u00e9pondre \u00e0 vos besoins d&rsquo;impression couleur avec une facilit\u00e9 d&rsquo;utilisation et une qualit\u00e9 exceptionnelle. Voici une description d\u00e9taill\u00e9e de ses caract\u00e9ristiques cl\u00e9s :<\/p>\n<p>Technologie Laser Couleur : L&rsquo;imprimante HP Laser Couleur 150nw utilise une technologie laser de pointe pour produire des impressions couleur de haute qualit\u00e9. Cette technologie garantit des textes nets et des images vibrantes.<br \/>Vitesse d&rsquo;impression impressionnante : Elle offre une vitesse d&rsquo;impression de 18 pages par minute (PPM), ce qui vous permet d&rsquo;obtenir rapidement vos documents sans sacrifier la qualit\u00e9.<br \/>Connectivit\u00e9 sans fil : Gr\u00e2ce \u00e0 sa connectivit\u00e9 Wi-Fi int\u00e9gr\u00e9e, cette imprimante vous permet d&rsquo;imprimer depuis n&rsquo;importe quel appareil compatible Wi-Fi, que ce soit un ordinateur, un smartphone ou une tablette.<br \/>Impression recto-verso manuelle : L&rsquo;imprimante HP Laser Couleur 150nw prend en charge l&rsquo;impression recto-verso manuelle, ce qui signifie que vous pouvez \u00e9conomiser du papier en imprimant des documents recto-verso si n\u00e9cessaire.<br \/>Design Compact : Cette imprimante a un design compact qui la rend id\u00e9ale pour les petits bureaux ou les espaces de travail \u00e0 domicile. Elle ne prend pas beaucoup de place, mais elle offre une grande puissance.<br \/>Qualit\u00e9 d&rsquo;impression exceptionnelle : La r\u00e9solution d&rsquo;impression \u00e9lev\u00e9e garantit des r\u00e9sultats nets et clairs, adapt\u00e9s \u00e0 une vari\u00e9t\u00e9 de besoins d&rsquo;impression, que ce soit pour des documents professionnels, des brochures, des images ou des graphiques.<br \/>Facilit\u00e9 d&rsquo;utilisation : L&rsquo;\u00e9cran de contr\u00f4le intuitif et les boutons conviviaux facilitent la configuration de l&rsquo;imprimante et la gestion des t\u00e2ches d&rsquo;impression.<\/p>\n<p>&#8212;<\/p>\n<p>-Vitesse d&rsquo;impression noir: 18 pages par minute (norme ISO)<br \/>-Vitesse d&rsquo;impression couleur: 4 pages 1 par minute (norme ISO)<br \/>-Qualit\u00e9 d&rsquo;impression noire: 600 x 600 ppp 4 bits<br \/>-Qualit\u00e9 d&rsquo;impression couleur: 600 x 600 ppp 4 bits<br \/>-Volume de pages mensuel recommand\u00e9: 100 \u00e0 500<br \/>-Impression recto\/verso: Manuelle (prise en charge des pilotes fournie)<br \/>-Fonctionne avec: 4 toners (noire, cyan, magenta, jaune)<br \/>-Connectivit\u00e9: Port USB 2.0 haut d\u00e9bit, port r\u00e9seau Fast Ethernet 10\/100Base-TX, sans fil 802.11 b\/g\/n<\/p>","protected":false},"excerpt":{"rendered":"<p>L&rsquo;imprimante HP Laser Couleur 150nw est un appareil performant con\u00e7u pour r\u00e9pondre \u00e0 vos besoins d&rsquo;impression couleur avec une facilit\u00e9<\/p>","protected":false},"featured_media":69355,"comment_status":"open","ping_status":"closed","template":"","meta":[],"pwb-brand":[744],"product_brand":[],"product_cat":[711,710,585],"product_tag":[],"class_list":{"0":"post-24719","1":"product","2":"type-product","3":"status-publish","4":"has-post-thumbnail","6":"pwb-brand-hp","7":"product_cat-imprimantes-laser","8":"product_cat-materiel-dimpression","9":"product_cat-materiels-informatiques","11":"first","12":"instock","13":"taxable","14":"shipping-taxable","15":"purchasable","16":"product-type-simple"},"jetpack_sharing_enabled":true,"brands":[{"id":744,"name":"HP","slug":"hp"}],"_links":{"self":[{"href":"https:\/\/mafourniture.ma\/ar\/wp-json\/wp\/v2\/product\/24719","targetHints":{"allow":["GET"]}}],"collection":[{"href":"https:\/\/mafourniture.ma\/ar\/wp-json\/wp\/v2\/product"}],"about":[{"href":"https:\/\/mafourniture.ma\/ar\/wp-json\/wp\/v2\/types\/product"}],"replies":[{"embeddable":true,"href":"https:\/\/mafourniture.ma\/ar\/wp-json\/wp\/v2\/comments?post=24719"}],"version-history":[{"count":2,"href":"https:\/\/mafourniture.ma\/ar\/wp-json\/wp\/v2\/product\/24719\/revisions"}],"predecessor-version":[{"id":35985,"href":"https:\/\/mafourniture.ma\/ar\/wp-json\/wp\/v2\/product\/24719\/revisions\/35985"}],"wp:featuredmedia":[{"embeddable":true,"href":"https:\/\/mafourniture.ma\/ar\/wp-json\/wp\/v2\/media\/69355"}],"wp:attachment":[{"href":"https:\/\/mafourniture.ma\/ar\/wp-json\/wp\/v2\/media?parent=24719"}],"wp:term":[{"taxonomy":"pwb-brand","embeddable":true,"href":"https:\/\/mafourniture.ma\/ar\/wp-json\/wp\/v2\/pwb-brand?post=24719"},{"taxonomy":"product_brand","embeddable":true,"href":"https:\/\/mafourniture.ma\/ar\/wp-json\/wp\/v2\/product_brand?post=24719"},{"taxonomy":"product_cat","embeddable":true,"href":"https:\/\/mafourniture.ma\/ar\/wp-json\/wp\/v2\/product_cat?post=24719"},{"taxonomy":"product_tag","embeddable":true,"href":"https:\/\/mafourniture.ma\/ar\/wp-json\/wp\/v2\/product_tag?post=24719"}],"curies":[{"name":"wp","href":"https:\/\/api.w.org\/{rel}","templated":true}]}}