{"id":24715,"date":"2024-05-20T15:25:50","date_gmt":"2024-05-20T14:25:50","guid":{"rendered":"https:\/\/138.201.14.18\/~mafourn1\/produit\/imprimante-hp-smart-tank-581-3-en1-wifi\/"},"modified":"2026-05-15T06:49:28","modified_gmt":"2026-05-15T05:49:28","slug":"imprimante-hp-smart-tank-581-3-en1-wifi","status":"publish","type":"product","link":"https:\/\/mafourniture.ma\/ar\/product\/imprimante-hp-smart-tank-581-3-en1-wifi\/","title":{"rendered":"IMPRIMANTE HP SMART TANK 581 3 EN1 WIFI"},"content":{"rendered":"<p>Mod\u00e8le : HP Smart Tank 581 <\/p>\n<p>Impression, copier, Scan<\/p>\n<p>Vitesse d&rsquo;impression Noir (ISO) : Jusqu&rsquo;\u00e0 12 ppm<\/p>\n<p>Vitesse d&rsquo;impression couleur (ISO) : Jusqu&rsquo;\u00e0 5 ppm<\/p>\n<p>R\u00e9solution d&rsquo;impression Noire\/Couleur : Jusqu&rsquo;\u00e0 1 200 x 1 200 ppp vitesse r\u00e9duite<\/p>\n<p>Cycle d&rsquo;utilisation mensuel recommand\u00e9 : Up to 3,000 pages Jusqu\u2019\u00e0 3 000 pages <\/p>\n<p>Volume de pages mensuel recommand\u00e9 : 400 \u00e0 800 <\/p>\n<p>Impression recto\/verso : Manuel (avec prise en charge des pilotes)<\/p>\n<p>Nombre de toners : 4 (1 bouteille d&rsquo;encre noire, jeu de 3 bouteilles d&rsquo;encre de couleur)<\/p>\n<p>Interface de connectivit\u00e9 : 1 port USB 2.0 haut d\u00e9bit (p\u00e9riph\u00e9rique); 1 port Bluetooth Low Energy; 1 Wi-Fi 802.11b\/g\/n; 1 port Wi-Fi Direct<\/p>\n<p>Garantie : 1 An<\/p>","protected":false},"excerpt":{"rendered":"<p>Mod\u00e8le : HP Smart Tank 581 Impression, copier, Scan Vitesse d&rsquo;impression Noir (ISO) : Jusqu&rsquo;\u00e0 12 ppm Vitesse d&rsquo;impression couleur<\/p>","protected":false},"featured_media":70460,"comment_status":"open","ping_status":"closed","template":"","meta":[],"pwb-brand":[],"product_brand":[],"product_cat":[871,710,585],"product_tag":[],"class_list":{"0":"post-24715","1":"product","2":"type-product","3":"status-publish","4":"has-post-thumbnail","6":"product_cat-imprimantes-jet-dencre","7":"product_cat-materiel-dimpression","8":"product_cat-materiels-informatiques","10":"first","11":"instock","12":"taxable","13":"shipping-taxable","14":"purchasable","15":"product-type-simple"},"jetpack_sharing_enabled":true,"brands":[],"_links":{"self":[{"href":"https:\/\/mafourniture.ma\/ar\/wp-json\/wp\/v2\/product\/24715","targetHints":{"allow":["GET"]}}],"collection":[{"href":"https:\/\/mafourniture.ma\/ar\/wp-json\/wp\/v2\/product"}],"about":[{"href":"https:\/\/mafourniture.ma\/ar\/wp-json\/wp\/v2\/types\/product"}],"replies":[{"embeddable":true,"href":"https:\/\/mafourniture.ma\/ar\/wp-json\/wp\/v2\/comments?post=24715"}],"version-history":[{"count":3,"href":"https:\/\/mafourniture.ma\/ar\/wp-json\/wp\/v2\/product\/24715\/revisions"}],"predecessor-version":[{"id":35981,"href":"https:\/\/mafourniture.ma\/ar\/wp-json\/wp\/v2\/product\/24715\/revisions\/35981"}],"wp:featuredmedia":[{"embeddable":true,"href":"https:\/\/mafourniture.ma\/ar\/wp-json\/wp\/v2\/media\/70460"}],"wp:attachment":[{"href":"https:\/\/mafourniture.ma\/ar\/wp-json\/wp\/v2\/media?parent=24715"}],"wp:term":[{"taxonomy":"pwb-brand","embeddable":true,"href":"https:\/\/mafourniture.ma\/ar\/wp-json\/wp\/v2\/pwb-brand?post=24715"},{"taxonomy":"product_brand","embeddable":true,"href":"https:\/\/mafourniture.ma\/ar\/wp-json\/wp\/v2\/product_brand?post=24715"},{"taxonomy":"product_cat","embeddable":true,"href":"https:\/\/mafourniture.ma\/ar\/wp-json\/wp\/v2\/product_cat?post=24715"},{"taxonomy":"product_tag","embeddable":true,"href":"https:\/\/mafourniture.ma\/ar\/wp-json\/wp\/v2\/product_tag?post=24715"}],"curies":[{"name":"wp","href":"https:\/\/api.w.org\/{rel}","templated":true}]}}