{"id":24708,"date":"2024-05-20T15:24:42","date_gmt":"2024-05-20T14:24:42","guid":{"rendered":"https:\/\/138.201.14.18\/~mafourn1\/produit\/scanner-canon-lide-300\/"},"modified":"2026-05-15T05:29:48","modified_gmt":"2026-05-15T04:29:48","slug":"scanner-canon-lide-300","status":"publish","type":"product","link":"https:\/\/mafourniture.ma\/ar\/product\/scanner-canon-lide-300\/","title":{"rendered":"SCANNER CANON LIDE 300"},"content":{"rendered":"<p>Scanner compact, \u00e9l\u00e9gant et abordable pour la maison ou le bureau<br \/>Arborant un design sobre, compact et \u00e9l\u00e9gant, ce scanner \u00e0 plat A4 l\u00e9ger est \u00e9quip\u00e9 de 4 touches de fonctionnement EZ pour une utilisation facile et sans tracas de la num\u00e9risation. C&rsquo;est la solution parfaite pour vos num\u00e9risations haute r\u00e9solution, \u00e0 la maison comme au bureau.<\/p>\n<p>Caract\u00e9ristiques techniques<br \/>Type<br \/>Scanner \u00e0 plat<\/p>\n<p>Num\u00e9riseur<br \/>CIS<\/p>\n<p>Source lumineuse<br \/>Diode 3 couleurs (RVB)<\/p>\n<p>R\u00e9solution optique<br \/>2400 \u00d7 2400 ppp1<\/p>\n<p>R\u00e9solution s\u00e9lectionnable<br \/>25 \u00e0 19.200 ppp2<\/p>\n<p>Interface<br \/>USB 2.0 haute vitesse Mini-B<\/p>\n<p>Nuances de couleurs (couleur)<br \/>48 bits en entr\u00e9e -&gt; 48\/24 bits en sortie<\/p>\n<p>Nuances de couleurs (niveaux de gris)<br \/>16 bits en entr\u00e9e -&gt; 8 bits en sortie<\/p>\n<p>Taille de document max.<br \/>A4 \/ Lettre (216 x 297 mm)<\/p>\n<p>Touches EZ-Scan<br \/>4 boutons (PDF, AUTOSCAN [Num\u00e9risation automatique], COPY [Copie], SEND [Envoyer])<\/p>\n<p>Vitesse de num.<br \/>(couleur)<br \/>(R\u00e9fl\u00e9chissant)<br \/>14,8 ms\/ligne (2400 ppp)<br \/>6,6 ms\/ligne (1200 ppp)<br \/>3,8 ms\/ligne (600 ppp)<br \/>2,2 ms\/ligne (300 ppp)3<\/p>\n<p>(niveaux de gris, noir et blanc)<br \/>(R\u00e9fl\u00e9chissant)<br \/>4,3 ms\/ligne (2400 ppp)<br \/>2,2 ms\/ligne (1200 ppp)<br \/>1,3 ms\/ligne (600 ppp)<br \/>2,2 ms\/ligne (300 ppp)4<\/p>\n<p>Vitesse de num\u00e9risation (A4, 300 ppp, couleur)<br \/>Environ 10 s5<\/p>\n<p>Vitesse de num\u00e9risation (10 \u00d7 15 cm, 300 ppp, couleur)<br \/>Environ 5 s6<\/p>\n<p>Vitesse de pr\u00e9visualisation<br \/>Environ 9 s7<\/p>\n<p>Logiciels inclus<br \/>Scan Gear pour Windows<br \/>Scan Utility pour Windows<\/p>\n<p>Alimentation \u00e9lectrique<br \/>Par port USB<\/p>\n<p>Consommation<br \/>environ 4,5 W (en fonctionnement, au maximum)<br \/>environ 0,3 W (en veille)<\/p>\n<p>Dimensions<br \/>250 \u00d7 367 \u00d7 42 mm<\/p>\n<p>Poids<br \/>1,7 kg<\/p>\n<p>Temp\u00e9ratures de fonctionnement<br \/>5 \u00e0 35 \u00b0C<\/p>\n<p>Plage d&rsquo;humidit\u00e9 de fonctionnement<br \/>10 \u00e0 90 % d&rsquo;humidit\u00e9 relative sans condensation<\/p>\n<p>Syst\u00e8mes d&rsquo;exploitation pris en charge<br \/>Windows 10, Windows 8.1, Windows 7 SP189<br \/>Cette op\u00e9ration ne peut \u00eatre garantie que sur un ordinateur sur lequel Windows 7 ou version ult\u00e9rieure est pr\u00e9install\u00e9. <br \/>OS X 10.11.6, macOS 10.12 \u00e0 macOS 10.13<\/p>\n<p>Configuration syst\u00e8me minimale requise<br \/>Affichage : XGA 1024 \u00d7 768<\/p>","protected":false},"excerpt":{"rendered":"<p>Scanner compact, \u00e9l\u00e9gant et abordable pour la maison ou le bureauArborant un design sobre, compact et \u00e9l\u00e9gant, ce scanner \u00e0<\/p>","protected":false},"featured_media":70321,"comment_status":"open","ping_status":"closed","template":"","meta":[],"pwb-brand":[764],"product_brand":[],"product_cat":[769,585,770],"product_tag":[],"class_list":{"0":"post-24708","1":"product","2":"type-product","3":"status-publish","4":"has-post-thumbnail","6":"pwb-brand-canon","7":"product_cat-image-et-son","8":"product_cat-materiels-informatiques","9":"product_cat-scanners","11":"first","12":"instock","13":"taxable","14":"shipping-taxable","15":"purchasable","16":"product-type-simple"},"jetpack_sharing_enabled":true,"brands":[{"id":764,"name":"CANON","slug":"canon"}],"_links":{"self":[{"href":"https:\/\/mafourniture.ma\/ar\/wp-json\/wp\/v2\/product\/24708","targetHints":{"allow":["GET"]}}],"collection":[{"href":"https:\/\/mafourniture.ma\/ar\/wp-json\/wp\/v2\/product"}],"about":[{"href":"https:\/\/mafourniture.ma\/ar\/wp-json\/wp\/v2\/types\/product"}],"replies":[{"embeddable":true,"href":"https:\/\/mafourniture.ma\/ar\/wp-json\/wp\/v2\/comments?post=24708"}],"version-history":[{"count":3,"href":"https:\/\/mafourniture.ma\/ar\/wp-json\/wp\/v2\/product\/24708\/revisions"}],"predecessor-version":[{"id":35316,"href":"https:\/\/mafourniture.ma\/ar\/wp-json\/wp\/v2\/product\/24708\/revisions\/35316"}],"wp:featuredmedia":[{"embeddable":true,"href":"https:\/\/mafourniture.ma\/ar\/wp-json\/wp\/v2\/media\/70321"}],"wp:attachment":[{"href":"https:\/\/mafourniture.ma\/ar\/wp-json\/wp\/v2\/media?parent=24708"}],"wp:term":[{"taxonomy":"pwb-brand","embeddable":true,"href":"https:\/\/mafourniture.ma\/ar\/wp-json\/wp\/v2\/pwb-brand?post=24708"},{"taxonomy":"product_brand","embeddable":true,"href":"https:\/\/mafourniture.ma\/ar\/wp-json\/wp\/v2\/product_brand?post=24708"},{"taxonomy":"product_cat","embeddable":true,"href":"https:\/\/mafourniture.ma\/ar\/wp-json\/wp\/v2\/product_cat?post=24708"},{"taxonomy":"product_tag","embeddable":true,"href":"https:\/\/mafourniture.ma\/ar\/wp-json\/wp\/v2\/product_tag?post=24708"}],"curies":[{"name":"wp","href":"https:\/\/api.w.org\/{rel}","templated":true}]}}