{"id":25398,"date":"2024-05-25T23:50:44","date_gmt":"2024-05-25T21:50:44","guid":{"rendered":"https:\/\/138.201.14.18\/~mafourn1\/?page_id=25398"},"modified":"2024-06-14T01:10:41","modified_gmt":"2024-06-14T00:10:41","slug":"paiement","status":"publish","type":"page","link":"https:\/\/mafourniture.ma\/ar\/paiement\/","title":{"rendered":"Paiement"},"content":{"rendered":"<div data-elementor-type=\"wp-page\" data-elementor-id=\"25398\" class=\"elementor elementor-25398\">\n\t\t\t\t<div class=\"elementor-element elementor-element-b769d41 e-flex e-con-boxed e-con e-parent\" data-id=\"b769d41\" data-element_type=\"container\" data-e-type=\"container\">\n\t\t\t\t\t<div class=\"e-con-inner\">\n\t\t<div class=\"elementor-element elementor-element-e439139 e-con-full e-flex e-con e-child\" data-id=\"e439139\" data-element_type=\"container\" data-e-type=\"container\">\n\t\t<div class=\"elementor-element elementor-element-3a466ed e-con-full e-flex e-con e-child\" data-id=\"3a466ed\" data-element_type=\"container\" data-e-type=\"container\" data-settings=\"{&quot;background_background&quot;:&quot;classic&quot;}\">\n\t\t\t\t<div class=\"elementor-element elementor-element-bf2d002 elementor-widget__width-initial wd-width-100 elementor-widget elementor-widget-wd_title\" data-id=\"bf2d002\" data-element_type=\"widget\" data-e-type=\"widget\" data-widget_type=\"wd_title.default\">\n\t\t\t\t<div class=\"elementor-widget-container\">\n\t\t\t\t\t\t\t<div class=\"title-wrapper set-mb-s reset-last-child wd-title-color-white wd-title-style-default wd-title-size-medium text-left\">\n\n\t\t\t\n\t\t\t<div class=\"liner-continer\">\n\t\t\t\t<h4 class=\"woodmart-title-container title wd-fontsize-xl\">Paiement S\u00e9curis\u00e9<\/h4> \n\t\t\t\t\t\t\t<\/div>\n\n\t\t\t\t\t\t\t<div class=\"title-after_title set-cont-mb-s reset-last-child wd-fontsize-s\">\n\t\t\t\t\tOptions de paiement flexibles pour une exp\u00e9rience d'achat pratique.\t\t\t\t<\/div>\n\t\t\t\t\t<\/div>\n\t\t\t\t\t\t<\/div>\n\t\t\t\t<\/div>\n\t\t\t\t<div class=\"elementor-element elementor-element-44e29d2 elementor-widget__width-initial elementor-widget elementor-widget-wd_image_or_svg\" data-id=\"44e29d2\" data-element_type=\"widget\" data-e-type=\"widget\" data-widget_type=\"wd_image_or_svg.default\">\n\t\t\t\t<div class=\"elementor-widget-container\">\n\t\t\t\t\t\n\t\t<div class=\"wd-image text-center\">\n\t\t\t\t\t\t\t\t<img fetchpriority=\"high\" decoding=\"async\" width=\"2048\" height=\"866\" src=\"https:\/\/mafourniture.ma\/wp-content\/uploads\/2024\/03\/logo-w.png\" class=\"attachment-full size-full\" alt=\"\" srcset=\"https:\/\/mafourniture.ma\/wp-content\/uploads\/2024\/03\/logo-w.png 2048w, https:\/\/mafourniture.ma\/wp-content\/uploads\/2024\/03\/logo-w-300x127.png 300w, https:\/\/mafourniture.ma\/wp-content\/uploads\/2024\/03\/logo-w-1024x433.png 1024w, https:\/\/mafourniture.ma\/wp-content\/uploads\/2024\/03\/logo-w-768x325.png 768w, https:\/\/mafourniture.ma\/wp-content\/uploads\/2024\/03\/logo-w-1536x650.png 1536w, https:\/\/mafourniture.ma\/wp-content\/uploads\/2024\/03\/logo-w-18x8.png 18w, https:\/\/mafourniture.ma\/wp-content\/uploads\/2024\/03\/logo-w-20x8.png 20w, https:\/\/mafourniture.ma\/wp-content\/uploads\/2024\/03\/logo-w-1200x507.png 1200w, https:\/\/mafourniture.ma\/wp-content\/uploads\/2024\/03\/logo-w-150x63.png 150w, https:\/\/mafourniture.ma\/wp-content\/uploads\/2024\/03\/logo-w-100x42.png 100w, https:\/\/mafourniture.ma\/wp-content\/uploads\/2024\/03\/logo-w-160x68.png 160w\" sizes=\"(max-width: 2048px) 100vw, 2048px\" \/>\t\t\t\t\t<\/div>\n\n\t\t\t\t\t\t<\/div>\n\t\t\t\t<\/div>\n\t\t\t\t<\/div>\n\t\t<div class=\"elementor-element elementor-element-e26d7b9 e-con-full e-flex e-con e-child\" data-id=\"e26d7b9\" data-element_type=\"container\" data-e-type=\"container\" data-settings=\"{&quot;background_background&quot;:&quot;classic&quot;}\">\n\t\t\t\t<div class=\"elementor-element elementor-element-a07c01b elementor-widget elementor-widget-wd_text_block\" data-id=\"a07c01b\" data-element_type=\"widget\" data-e-type=\"widget\" data-widget_type=\"wd_text_block.default\">\n\t\t\t\t<div class=\"elementor-widget-container\">\n\t\t\t\t\t\t\t<div class=\"wd-text-block reset-last-child text-left\">\n\t\t\t\n\t\t\tNous offrons une vari\u00e9t\u00e9 de m\u00e9thodes de paiement pour rendre votre exp\u00e9rience d'achat aussi fluide que possible sur notre boutique.\n\t\t\t\t\t<\/div>\n\t\t\t\t\t\t<\/div>\n\t\t\t\t<\/div>\n\t\t\t\t<div class=\"elementor-element elementor-element-bfd87fd elementor-widget elementor-widget-wd_text_block\" data-id=\"bfd87fd\" data-element_type=\"widget\" data-e-type=\"widget\" data-widget_type=\"wd_text_block.default\">\n\t\t\t\t<div class=\"elementor-widget-container\">\n\t\t\t\t\t\t\t<div class=\"wd-text-block reset-last-child text-left\">\n\t\t\t\n\t\t\tPlusieurs m\u00e9thodes de paiement sont disponibles pour passer une commande :\n\t\t\t\t\t<\/div>\n\t\t\t\t\t\t<\/div>\n\t\t\t\t<\/div>\n\t\t<div class=\"elementor-element elementor-element-15e9389 e-flex e-con-boxed e-con e-child\" data-id=\"15e9389\" data-element_type=\"container\" data-e-type=\"container\">\n\t\t\t\t\t<div class=\"e-con-inner\">\n\t\t<div class=\"elementor-element elementor-element-00359cb e-con-full e-flex e-con e-child\" data-id=\"00359cb\" data-element_type=\"container\" data-e-type=\"container\">\n\t\t<div class=\"elementor-element elementor-element-a1feb7d e-con-full e-flex e-con e-child\" data-id=\"a1feb7d\" data-element_type=\"container\" data-e-type=\"container\" data-settings=\"{&quot;background_background&quot;:&quot;classic&quot;}\">\n\t\t\t\t<div class=\"elementor-element elementor-element-26b391d elementor-widget elementor-widget-wd_image_or_svg\" data-id=\"26b391d\" data-element_type=\"widget\" data-e-type=\"widget\" data-widget_type=\"wd_image_or_svg.default\">\n\t\t\t\t<div class=\"elementor-widget-container\">\n\t\t\t\t\t\n\t\t<div class=\"wd-image text-center\">\n\t\t\t\t\t\t\t\t<img decoding=\"async\" width=\"64\" height=\"64\" src=\"https:\/\/mafourniture.ma\/wp-content\/uploads\/2024\/05\/credit-card-64x64.png\" class=\"attachment-64x64 size-64x64\" alt=\"\" \/>\t\t\t\t\t<\/div>\n\n\t\t\t\t\t\t<\/div>\n\t\t\t\t<\/div>\n\t\t\t\t<div class=\"elementor-element elementor-element-6db2019 elementor-widget__width-auto elementor-widget elementor-widget-wd_text_block\" data-id=\"6db2019\" data-element_type=\"widget\" data-e-type=\"widget\" data-widget_type=\"wd_text_block.default\">\n\t\t\t\t<div class=\"elementor-widget-container\">\n\t\t\t\t\t\t\t<div class=\"wd-text-block reset-last-child text-center color-title\">\n\t\t\t\n\t\t\t<p>Par carte bancaire lors de la commande<\/p>\n\t\t\t\t\t<\/div>\n\t\t\t\t\t\t<\/div>\n\t\t\t\t<\/div>\n\t\t\t\t<\/div>\n\t\t<div class=\"elementor-element elementor-element-2c807a2 e-con-full e-flex e-con e-child\" data-id=\"2c807a2\" data-element_type=\"container\" data-e-type=\"container\" data-settings=\"{&quot;background_background&quot;:&quot;classic&quot;}\">\n\t\t\t\t<div class=\"elementor-element elementor-element-9ba2261 elementor-widget elementor-widget-wd_image_or_svg\" data-id=\"9ba2261\" data-element_type=\"widget\" data-e-type=\"widget\" data-widget_type=\"wd_image_or_svg.default\">\n\t\t\t\t<div class=\"elementor-widget-container\">\n\t\t\t\t\t\n\t\t<div class=\"wd-image text-center\">\n\t\t\t\t\t\t\t\t<img decoding=\"async\" width=\"64\" height=\"64\" src=\"https:\/\/mafourniture.ma\/wp-content\/uploads\/2024\/05\/cash-on-delivery-64x64.png\" class=\"attachment-64x64 size-64x64\" alt=\"\" \/>\t\t\t\t\t<\/div>\n\n\t\t\t\t\t\t<\/div>\n\t\t\t\t<\/div>\n\t\t\t\t<div class=\"elementor-element elementor-element-94cd127 elementor-widget__width-auto elementor-widget elementor-widget-wd_text_block\" data-id=\"94cd127\" data-element_type=\"widget\" data-e-type=\"widget\" data-widget_type=\"wd_text_block.default\">\n\t\t\t\t<div class=\"elementor-widget-container\">\n\t\t\t\t\t\t\t<div class=\"wd-text-block reset-last-child text-center color-title\">\n\t\t\t\n\t\t\t<p>Contre remboursement \u00e0 la livraison : par ch\u00e8que ou en esp\u00e8ce<\/p>\n\t\t\t\t\t<\/div>\n\t\t\t\t\t\t<\/div>\n\t\t\t\t<\/div>\n\t\t\t\t<\/div>\n\t\t<div class=\"elementor-element elementor-element-e5a0561 e-con-full e-flex e-con e-child\" data-id=\"e5a0561\" data-element_type=\"container\" data-e-type=\"container\" data-settings=\"{&quot;background_background&quot;:&quot;classic&quot;}\">\n\t\t\t\t<div class=\"elementor-element elementor-element-2a8fbef elementor-widget elementor-widget-wd_image_or_svg\" data-id=\"2a8fbef\" data-element_type=\"widget\" data-e-type=\"widget\" data-widget_type=\"wd_image_or_svg.default\">\n\t\t\t\t<div class=\"elementor-widget-container\">\n\t\t\t\t\t\n\t\t<div class=\"wd-image text-center\">\n\t\t\t\t\t\t\t\t<img loading=\"lazy\" decoding=\"async\" width=\"58\" height=\"58\" src=\"https:\/\/mafourniture.ma\/wp-content\/uploads\/2024\/05\/paypal-58x58.png\" class=\"attachment-58x58 size-58x58\" alt=\"\" \/>\t\t\t\t\t<\/div>\n\n\t\t\t\t\t\t<\/div>\n\t\t\t\t<\/div>\n\t\t\t\t<div class=\"elementor-element elementor-element-5526257 elementor-widget__width-auto elementor-widget elementor-widget-wd_text_block\" data-id=\"5526257\" data-element_type=\"widget\" data-e-type=\"widget\" data-widget_type=\"wd_text_block.default\">\n\t\t\t\t<div class=\"elementor-widget-container\">\n\t\t\t\t\t\t\t<div class=\"wd-text-block reset-last-child text-center color-title\">\n\t\t\t\n\t\t\tPar PayPal\n\t\t\t\t\t<\/div>\n\t\t\t\t\t\t<\/div>\n\t\t\t\t<\/div>\n\t\t\t\t<\/div>\n\t\t\t\t<\/div>\n\t\t\t\t\t<\/div>\n\t\t\t\t<\/div>\n\t\t\t\t<\/div>\n\t\t\t\t<\/div>\n\t\t<div class=\"elementor-element elementor-element-a1c0eeb e-con-full  wd-sticky-container-top wd-sticky-offset-150 elementor-hidden-tablet elementor-hidden-mobile e-flex e-con e-child\" data-id=\"a1c0eeb\" data-element_type=\"container\" data-e-type=\"container\">\n\t\t<div class=\"elementor-element elementor-element-d633f79 e-con-full e-flex e-con e-child\" data-id=\"d633f79\" data-element_type=\"container\" data-e-type=\"container\" data-settings=\"{&quot;background_background&quot;:&quot;classic&quot;}\">\n\t\t\t\t<div class=\"elementor-element elementor-element-dc279f1 wd-width-100 elementor-widget elementor-widget-wd_title\" data-id=\"dc279f1\" data-element_type=\"widget\" data-e-type=\"widget\" data-widget_type=\"wd_title.default\">\n\t\t\t\t<div class=\"elementor-widget-container\">\n\t\t\t\t\t\t\t<div class=\"title-wrapper set-mb-s reset-last-child wd-title-color-default wd-title-style-default wd-title-size-small text-left\">\n\n\t\t\t\n\t\t\t<div class=\"liner-continer\">\n\t\t\t\t<h4 class=\"woodmart-title-container title wd-fontsize-m\">Besoin d'aide ?<\/h4> \n\t\t\t\t\t\t\t<\/div>\n\n\t\t\t\t\t<\/div>\n\t\t\t\t\t\t<\/div>\n\t\t\t\t<\/div>\n\t\t\t\t<div class=\"elementor-element elementor-element-eb8a096 elementor-widget elementor-widget-wd_list\" data-id=\"eb8a096\" data-element_type=\"widget\" data-e-type=\"widget\" data-widget_type=\"wd_list.default\">\n\t\t\t\t<div class=\"elementor-widget-container\">\n\t\t\t\t\t\t\t<ul class=\"wd-list color-scheme-custom wd-fontsize-xs wd-list-type-icon wd-list-style-default wd-justify-left\">\n\t\t\t\t\t\t\t\t\t\t\t<li class=\"elementor-repeater-item-b7e03af\">\n\t\t\t\t\t\t\t\t\t\t\t<img loading=\"lazy\" decoding=\"async\"  src=\"https:\/\/mafourniture.ma\/wp-content\/uploads\/2023\/01\/phone.svg\" title=\"phone\" width=\"32\" height=\"32\">\t\t\t\t\t\n\t\t\t\t\t<span class=\"list-content\">\n\t\t\t\t\t\t+212 660 40 62 00\t\t\t\t\t<\/span>\n\n\t\t\t\t\t\n\t\t\t\t\t\t<a  href=\"tel: 212660406200\" class=\"wd-fill\" aria-label=\"List item link\"><\/a>\n\t\t\t\t\t\t\t\t\t<\/li>\n\t\t\t\t\t\t\t\t\t\t\t<li class=\"elementor-repeater-item-291ad44\">\n\t\t\t\t\t\t\t\t\t\t\t<img loading=\"lazy\" decoding=\"async\"  src=\"https:\/\/mafourniture.ma\/wp-content\/uploads\/2023\/01\/messenger.svg\" title=\"messenger\" width=\"32\" height=\"32\">\t\t\t\t\t\n\t\t\t\t\t<span class=\"list-content\">\n\t\t\t\t\t\tMessenger\t\t\t\t\t<\/span>\n\n\t\t\t\t\t\n\t\t\t\t\t\t<a  href=\"https:\/\/m.me\/110438597858496\" class=\"wd-fill\" aria-label=\"List item link\"><\/a>\n\t\t\t\t\t\t\t\t\t<\/li>\n\t\t\t\t\t\t\t\t\t\t\t<li class=\"elementor-repeater-item-dc81d72\">\n\t\t\t\t\t\t\t\t\t\t\t<img loading=\"lazy\" decoding=\"async\"  src=\"https:\/\/mafourniture.ma\/wp-content\/uploads\/2024\/03\/whatsapp.svg\" title=\"whatsapp\" width=\"32\" height=\"32\">\t\t\t\t\t\n\t\t\t\t\t<span class=\"list-content\">\n\t\t\t\t\t\tWhatsApp\t\t\t\t\t<\/span>\n\n\t\t\t\t\t\n\t\t\t\t\t\t<a href=\"https:\/\/wa.me\/+212660406200\" class=\"wd-fill\" aria-label=\"List item link\" target=\"_blank\" rel=\"noopener\"><\/a>\n\t\t\t\t\t\t\t\t\t<\/li>\n\t\t\t\t\t\t\t\t\t\t\t<li class=\"elementor-repeater-item-c05932f\">\n\t\t\t\t\t\t\t\t\t\t\t<img loading=\"lazy\" decoding=\"async\"  src=\"https:\/\/mafourniture.ma\/wp-content\/uploads\/2023\/01\/email.svg\" title=\"email\" width=\"32\" height=\"32\">\t\t\t\t\t\n\t\t\t\t\t<span class=\"list-content\">\n\t\t\t\t\t\tcontact@mafourniture.ma\t\t\t\t\t<\/span>\n\n\t\t\t\t\t\n\t\t\t\t\t\t<a  href=\"mailto:contact@mafourniture.ma\" class=\"wd-fill\" aria-label=\"List item link\"><\/a>\n\t\t\t\t\t\t\t\t\t<\/li>\n\t\t\t\t\t<\/ul>\n\n\t\t\t\t\t\t<\/div>\n\t\t\t\t<\/div>\n\t\t\t\t<div class=\"elementor-element elementor-element-77a8528 wd-width-100 elementor-widget elementor-widget-wd_title\" data-id=\"77a8528\" data-element_type=\"widget\" data-e-type=\"widget\" data-widget_type=\"wd_title.default\">\n\t\t\t\t<div class=\"elementor-widget-container\">\n\t\t\t\t\t\t\t<div class=\"title-wrapper set-mb-s reset-last-child wd-title-color-default wd-title-style-default wd-title-size-small text-left\">\n\n\t\t\t\n\t\t\t<div class=\"liner-continer\">\n\t\t\t\t<h4 class=\"woodmart-title-container title wd-fontsize-m\">Nous suivre<\/h4> \n\t\t\t\t\t\t\t<\/div>\n\n\t\t\t\t\t<\/div>\n\t\t\t\t\t\t<\/div>\n\t\t\t\t<\/div>\n\t\t\t\t<div class=\"elementor-element elementor-element-607371f elementor-widget elementor-widget-wd_social_buttons\" data-id=\"607371f\" data-element_type=\"widget\" data-e-type=\"widget\" data-widget_type=\"wd_social_buttons.default\">\n\t\t\t\t<div class=\"elementor-widget-container\">\n\t\t\t\t\t\n\t\t\t<div class=\"wd-social-icons icons-design-colored icons-size-default color-scheme-dark social-follow social-form-circle text-left\">\n\n\t\t\t\t\n\t\t\t\t\t\t\t\t\t<a rel=\"noopener noreferrer nofollow\" href=\"https:\/\/www.facebook.com\/mafourniture.ma\" target=\"_blank\" class=\"wd-social-icon social-facebook\" aria-label=\"Facebook social link\">\n\t\t\t\t\t\t<span class=\"wd-icon\"><\/span>\n\t\t\t\t\t\t\t\t\t\t\t<\/a>\n\t\t\t\t\n\t\t\t\t\n\t\t\t\t\n\t\t\t\t\t\t\t\t\t<a rel=\"noopener noreferrer nofollow\" href=\"https:\/\/www.instagram.com\/mafourniture.ma\" target=\"_blank\" class=\"wd-social-icon social-instagram\" aria-label=\"Instagram social link\">\n\t\t\t\t\t\t<span class=\"wd-icon\"><\/span>\n\t\t\t\t\t\t\t\t\t\t\t<\/a>\n\t\t\t\t\n\t\t\t\t\n\t\t\t\t\n\t\t\t\t\n\t\t\t\t\t\t\t\t\t<a rel=\"noopener noreferrer nofollow\" href=\"https:\/\/www.linkedin.com\/company\/mafourniture\" target=\"_blank\" class=\"wd-social-icon social-linkedin\" aria-label=\"Linkedin social link\">\n\t\t\t\t\t\t<span class=\"wd-icon\"><\/span>\n\t\t\t\t\t\t\t\t\t\t\t<\/a>\n\t\t\t\t\n\t\t\t\t\n\t\t\t\t\n\t\t\t\t\n\t\t\t\t\n\t\t\t\t\n\t\t\t\t\n\t\t\t\t\n\t\t\t\t\n\t\t\t\t\n\t\t\t\t\t\t\t\t\n\t\t\t\t\t\t\t\t\n\t\t\t\t\n\t\t\t\t\n\t\t\t\t\t\t\t\t\n\t\t\t\t\n\t\t\t<\/div>\n\n\t\t\t\t\t\t<\/div>\n\t\t\t\t<\/div>\n\t\t\t\t<\/div>\n\t\t\t\t<\/div>\n\t\t\t\t\t<\/div>\n\t\t\t\t<\/div>\n\t\t\t\t<\/div>","protected":false},"excerpt":{"rendered":"<p>Paiement S\u00e9curis\u00e9 Options de paiement flexibles pour une exp\u00e9rience d&rsquo;achat pratique. Nous offrons une vari\u00e9t\u00e9 de m\u00e9thodes de paiement pour<\/p>","protected":false},"author":1,"featured_media":0,"parent":0,"menu_order":0,"comment_status":"closed","ping_status":"closed","template":"","meta":{"footnotes":""},"class_list":["post-25398","page","type-page","status-publish","hentry"],"jetpack_sharing_enabled":true,"_links":{"self":[{"href":"https:\/\/mafourniture.ma\/ar\/wp-json\/wp\/v2\/pages\/25398","targetHints":{"allow":["GET"]}}],"collection":[{"href":"https:\/\/mafourniture.ma\/ar\/wp-json\/wp\/v2\/pages"}],"about":[{"href":"https:\/\/mafourniture.ma\/ar\/wp-json\/wp\/v2\/types\/page"}],"author":[{"embeddable":true,"href":"https:\/\/mafourniture.ma\/ar\/wp-json\/wp\/v2\/users\/1"}],"replies":[{"embeddable":true,"href":"https:\/\/mafourniture.ma\/ar\/wp-json\/wp\/v2\/comments?post=25398"}],"version-history":[{"count":23,"href":"https:\/\/mafourniture.ma\/ar\/wp-json\/wp\/v2\/pages\/25398\/revisions"}],"predecessor-version":[{"id":26192,"href":"https:\/\/mafourniture.ma\/ar\/wp-json\/wp\/v2\/pages\/25398\/revisions\/26192"}],"wp:attachment":[{"href":"https:\/\/mafourniture.ma\/ar\/wp-json\/wp\/v2\/media?parent=25398"}],"curies":[{"name":"wp","href":"https:\/\/api.w.org\/{rel}","templated":true}]}}